{"id":3134,"date":"2023-09-26T08:48:18","date_gmt":"2023-09-26T11:48:18","guid":{"rendered":"https:\/\/parsus.com.br\/?page_id=3134"},"modified":"2025-01-29T15:34:32","modified_gmt":"2025-01-29T18:34:32","slug":"smart-city","status":"publish","type":"page","link":"https:\/\/parsus.com.br\/index.php\/smart-city\/","title":{"rendered":"Smart City"},"content":{"rendered":"\t\t<div data-elementor-type=\"wp-page\" data-elementor-id=\"3134\" class=\"elementor elementor-3134\">\n\t\t\t\t\t\t<section class=\"elementor-section elementor-top-section elementor-element elementor-element-13c8bc36 elementor-section-boxed elementor-section-height-default elementor-section-height-default\" data-id=\"13c8bc36\" data-element_type=\"section\" data-e-type=\"section\" data-settings=\"{&quot;background_background&quot;:&quot;classic&quot;}\">\n\t\t\t\t\t\t<div class=\"elementor-container elementor-column-gap-no\">\n\t\t\t\t\t<div class=\"elementor-column elementor-col-100 elementor-top-column elementor-element elementor-element-414adf99\" data-id=\"414adf99\" data-element_type=\"column\" data-e-type=\"column\">\n\t\t\t<div class=\"elementor-widget-wrap elementor-element-populated\">\n\t\t\t\t\t\t<div class=\"elementor-element elementor-element-2af49965 elementor-widget elementor-widget-image\" data-id=\"2af49965\" data-element_type=\"widget\" data-e-type=\"widget\" data-widget_type=\"image.default\">\n\t\t\t\t<div class=\"elementor-widget-container\">\n\t\t\t\t\t\t\t\t\t\t\t\t\t\t\t<img fetchpriority=\"high\" decoding=\"async\" width=\"768\" height=\"268\" src=\"https:\/\/parsus.com.br\/wp-content\/uploads\/2023\/11\/final-art-reducing-carbon-emissions-in-the-cities-1210x423-1-768x268.webp\" class=\"attachment-medium_large size-medium_large wp-image-3422\" alt=\"\" srcset=\"https:\/\/parsus.com.br\/wp-content\/uploads\/2023\/11\/final-art-reducing-carbon-emissions-in-the-cities-1210x423-1-768x268.webp 768w, https:\/\/parsus.com.br\/wp-content\/uploads\/2023\/11\/final-art-reducing-carbon-emissions-in-the-cities-1210x423-1-300x105.webp 300w, https:\/\/parsus.com.br\/wp-content\/uploads\/2023\/11\/final-art-reducing-carbon-emissions-in-the-cities-1210x423-1-1024x358.webp 1024w, https:\/\/parsus.com.br\/wp-content\/uploads\/2023\/11\/final-art-reducing-carbon-emissions-in-the-cities-1210x423-1.webp 1210w\" sizes=\"(max-width: 768px) 100vw, 768px\" \/>\t\t\t\t\t\t\t\t\t\t\t\t\t\t\t<\/div>\n\t\t\t\t<\/div>\n\t\t\t\t<div class=\"elementor-element elementor-element-76dbecd5 elementor-widget elementor-widget-heading\" data-id=\"76dbecd5\" data-element_type=\"widget\" data-e-type=\"widget\" data-widget_type=\"heading.default\">\n\t\t\t\t<div class=\"elementor-widget-container\">\n\t\t\t\t\t<h3 class=\"elementor-heading-title elementor-size-default\">Qu\u00e3o importante \u00e9 a Gest\u00e3o de Carbono para uma Smart City?<\/h3>\t\t\t\t<\/div>\n\t\t\t\t<\/div>\n\t\t\t\t<div class=\"elementor-element elementor-element-1287b598 elementor-widget elementor-widget-text-editor\" data-id=\"1287b598\" data-element_type=\"widget\" data-e-type=\"widget\" data-widget_type=\"text-editor.default\">\n\t\t\t\t<div class=\"elementor-widget-container\">\n\t\t\t\t\t\t\t\t\t<p><span style=\"color: #ffffff;\"><time><span style=\"vertical-align: inherit;\"><span style=\"vertical-align: inherit;\">18\/10\/2022<\/span><\/span><\/time><span style=\"vertical-align: inherit;\"><span style=\"vertical-align: inherit;\">\/ Artigo escrito por Caio Alencar<\/span><\/span><\/span><\/p>\t\t\t\t\t\t\t\t<\/div>\n\t\t\t\t<\/div>\n\t\t\t\t<section class=\"elementor-section elementor-inner-section elementor-element elementor-element-212c157a elementor-section-boxed elementor-section-height-default elementor-section-height-default\" data-id=\"212c157a\" data-element_type=\"section\" data-e-type=\"section\">\n\t\t\t\t\t\t<div class=\"elementor-container elementor-column-gap-default\">\n\t\t\t\t\t<div class=\"elementor-column elementor-col-50 elementor-inner-column elementor-element elementor-element-379a3cbb\" data-id=\"379a3cbb\" data-element_type=\"column\" data-e-type=\"column\">\n\t\t\t<div class=\"elementor-widget-wrap elementor-element-populated\">\n\t\t\t\t\t\t<div class=\"elementor-element elementor-element-342c9f5f elementor-widget-mobile__width-initial elementor-widget elementor-widget-text-editor\" data-id=\"342c9f5f\" data-element_type=\"widget\" data-e-type=\"widget\" data-widget_type=\"text-editor.default\">\n\t\t\t\t<div class=\"elementor-widget-container\">\n\t\t\t\t\t\t\t\t\t<p><span style=\"color: #ffffff;\"><span style=\"vertical-align: inherit;\"><span style=\"vertical-align: inherit;\">Participei do evento Connected Smart Cities 2022 em S\u00e3o Paulo nos dias 4 e 5 de outubro, e foi muito bom entender o ponto de vista de v\u00e1rios profissionais de diversas \u00e1reas, onde est\u00e3o trabalhando para cada vez mais para melhorar a gest\u00e3o em desenvolvimento de tecnologia, mobilidade, sa\u00fade, bem estar e sustentabilidade nas cidades do futuro<\/span><\/span><\/span><\/p><p><span style=\"color: #ffffff;\"><span style=\"vertical-align: inherit;\"><span style=\"vertical-align: inherit;\">Foi muito prejudicada a implanta\u00e7\u00e3o da tecnologia 5G para as cidades, tornando-se mais r\u00e1pidas no processamento de dados, como acessos aos sistemas inteligentes integrados \u00e0 mobilidade urbana, sa\u00fade, monitoramento de vias p\u00fablicas, seguran\u00e7a, guia de turismo e entre outros. Tamb\u00e9m foi muito discutido como melhorar a mobilidade urbana criando alternativas sustent\u00e1veis \u200b\u200bcom a constru\u00e7\u00e3o de mais ciclovias\/ciclofaixas para uso de bicicletas. Outro ponto foi o incentivo de dispositivos p\u00fablicos para carregar sua moto el\u00e9trica, bicicleta el\u00e9trica e carros el\u00e9tricos com energia gerada por pain\u00e9is solares. Em cidades grandes h\u00e1 expans\u00e3o de esta\u00e7\u00f5es e linhas f\u00e9rreas de metr\u00f4 e trem. Esses foram alguns dos fatores importantes envolvidos, que segundo os palestrantes comprovaram que uma cidade \u00e9 inteligente e conectada.<\/span><\/span><\/span><\/p><p><span style=\"color: #ffffff;\"><span style=\"vertical-align: inherit;\"><span style=\"vertical-align: inherit;\">Outro assunto apresentado foi a gest\u00e3o de res\u00edduos e a destina\u00e7\u00e3o correta para v\u00e1rios tipos de res\u00edduos gerados pela popula\u00e7\u00e3o, empresas, hospitais e entre outros. Algumas solu\u00e7\u00f5es foram discutidas como o aumento de Implanta\u00e7\u00e3o de cooperativas para triagem e processamento de res\u00edduos que podem ser reciclados ou reutilizados de alguma forma, tornando assim seu descarte correto, a fim de diminuir o impacto ambiental.<\/span><\/span><\/span><\/p><p><span style=\"color: #ffffff;\"><span style=\"vertical-align: inherit;\"><span style=\"vertical-align: inherit;\">Na minha opini\u00e3o, achei que faltou debater mais sobre um assunto muito importante da atualidade para mitiga\u00e7\u00e3o das mudan\u00e7as clim\u00e1ticas, que \u00e9 a gest\u00e3o das emiss\u00f5es de carbono (termo simplificado para os gases causadores de efeito estufa) da cidade como um todo, al\u00e9m de pr\u00e1ticas de capta\u00e7\u00e3o de \u00e1guas pluviais e instala\u00e7\u00e3o de pain\u00e9is fotovoltaicos que foram envolvidos com maior \u00eanfase. A gest\u00e3o de emiss\u00e3o de carbono para cidades \u00e9 uma pauta na agenda de sustentabilidade ambiental internacional e abrange as constru\u00e7\u00f5es, principalmente as novas constru\u00e7\u00f5es, como edif\u00edcios, resid\u00eancias, infraestrutura e entre outras constru\u00e7\u00f5es que contemplam a expans\u00e3o e manuten\u00e7\u00e3o das cidades. Tendo em vista que hoje as principais emiss\u00f5es de carbono s\u00e3o provenientes da constru\u00e7\u00e3o civil, que chegam a aproximadamente 40% das emiss\u00f5es globais totais, este tema deveria tamb\u00e9m fazer parte da programa\u00e7\u00e3o de eventos que tratam de Smart Cities.<\/span><\/span><\/span><\/p>\t\t\t\t\t\t\t\t<\/div>\n\t\t\t\t<\/div>\n\t\t\t\t\t<\/div>\n\t\t<\/div>\n\t\t\t\t<div class=\"elementor-column elementor-col-50 elementor-inner-column elementor-element elementor-element-d7380d0\" data-id=\"d7380d0\" data-element_type=\"column\" data-e-type=\"column\">\n\t\t\t<div class=\"elementor-widget-wrap elementor-element-populated\">\n\t\t\t\t\t\t<div class=\"elementor-element elementor-element-f875427 elementor-widget-mobile__width-initial elementor-widget elementor-widget-text-editor\" data-id=\"f875427\" data-element_type=\"widget\" data-e-type=\"widget\" data-widget_type=\"text-editor.default\">\n\t\t\t\t<div class=\"elementor-widget-container\">\n\t\t\t\t\t\t\t\t\t<p class=\"body\" dir=\"auto\" data-pm-slice=\"1 1 []\"><span style=\"color: #ffffff;\"><span style=\"vertical-align: inherit;\"><span style=\"vertical-align: inherit;\">Discuss\u00f5es sobre mudan\u00e7as no uso de solo e emiss\u00f5es ao desmatar para construir foram algumas das pautas discutidas sobre gest\u00e3o de carbono em Cidades Inteligentes, por\u00e9m nada diretamente relacionado \u00e0s constru\u00e7\u00f5es, que t\u00eam crescido cada vez mais. Nos \u00faltimos 35 anos aqui na regi\u00e3o Sudeste foram constru\u00eddos 31,5 milh\u00f5es de moradias como mostra neste artigo da Triider com informa\u00e7\u00f5es coletadas pela base de edi\u00e7\u00f5es anuais da Pesquisa Nacional por Amostra de Domic\u00edlios (PNAD) do Instituto Brasileiro de Geografia e Estat\u00edstica (IBGE) .<\/span><\/span><\/span><\/p><p class=\"body\" dir=\"auto\"><span style=\"color: #ffffff;\"><span style=\"vertical-align: inherit;\"><span style=\"vertical-align: inherit;\">Gostaria de citar o exemplo do plano \u201cEdif\u00edcios de carbono zero para Melbourne\u201d na Austr\u00e1lia, que contempla um programa de descarboniza\u00e7\u00e3o para as cidades inteligentes, envolvendo mais de 65 empresas stakeholders e especialistas na \u00e1rea, que revisaram estudos acad\u00eamicos e determinaram sete iniciativas para tornar-se como constru\u00e7\u00f5es existentes em zero carbono. Atualmente as emiss\u00f5es de constru\u00e7\u00f5es na cidade de Melbourne s\u00e3o de at\u00e9 66%. Esse plano visa atingir a meta de cidade zero carbono at\u00e9 2040 para constru\u00e7\u00e3o de novos edif\u00edcios e existentes, dessa forma incentivando a descarboniza\u00e7\u00e3o no setor da constru\u00e7\u00e3o.<\/span><\/span><\/span><\/p><p class=\"body\" dir=\"auto\"><span style=\"color: #ffffff;\"><span style=\"vertical-align: inherit;\"><span style=\"vertical-align: inherit;\">Hoje a eTool est\u00e1 preparada para atender essas metas de descarboniza\u00e7\u00e3o para cidades, por meio de estudos de projetos espec\u00edficos em conjunto com infraestrutura. Entendendo a pegada de carbono, calculando o quanto a cidade emitiu aproximadamente com as constru\u00e7\u00f5es j\u00e1 existentes e como poder\u00e1 melhorar nos pr\u00f3ximos anos, simulando planos com melhorias de redu\u00e7\u00f5es das emiss\u00f5es que poder\u00e3o ser inovadoras, al\u00e9m de estar alinhado com as metas globais de redu\u00e7\u00e3o de carbono segundo o tratado da COP de Paris e assim ajudar as cidades a serem principalmente de baixo carbono.<\/span><\/span><\/span><\/p><p class=\"body\" dir=\"auto\"><span style=\"color: #ffffff;\"><span style=\"vertical-align: inherit;\"><span style=\"vertical-align: inherit;\">Estamos engajados com o compromisso de ajudar os profissionais do setor da constru\u00e7\u00e3o civil, sejam eles do poder p\u00fablico ou iniciativa privada para tornar as cidades mais inteligentes e conectadas, e fornecer solu\u00e7\u00f5es para calcular o impacto ambiental com o objetivo de reduzir ou atingir o carbono zero .<\/span><\/span><\/span><\/p><p>\u00a0<\/p>\t\t\t\t\t\t\t\t<\/div>\n\t\t\t\t<\/div>\n\t\t\t\t\t<\/div>\n\t\t<\/div>\n\t\t\t\t\t<\/div>\n\t\t<\/section>\n\t\t\t\t\t<\/div>\n\t\t<\/div>\n\t\t\t\t\t<\/div>\n\t\t<\/section>\n\t\t\t\t<\/div>\n\t\t","protected":false},"excerpt":{"rendered":"<p>Qu\u00e3o importante \u00e9 a Gest\u00e3o de Carbono para uma Smart City? 18\/10\/2022\/ Artigo escrito por Caio Alencar Participei do evento Connected Smart Cities 2022 em S\u00e3o Paulo nos dias 4 e 5 de outubro, e foi muito bom entender o ponto de vista de v\u00e1rios profissionais de diversas \u00e1reas, onde est\u00e3o trabalhando para cada vez &hellip;<\/p>\n<p class=\"read-more\"> <a class=\"\" href=\"https:\/\/parsus.com.br\/index.php\/smart-city\/\"> <span class=\"screen-reader-text\">Smart City<\/span> Read More &raquo;<\/a><\/p>\n","protected":false},"author":8,"featured_media":0,"parent":0,"menu_order":0,"comment_status":"open","ping_status":"closed","template":"","meta":{"_uag_custom_page_level_css":"","site-sidebar-layout":"no-sidebar","site-content-layout":"page-builder","ast-site-content-layout":"full-width-container","site-content-style":"default","site-sidebar-style":"default","ast-global-header-display":"","ast-banner-title-visibility":"","ast-main-header-display":"","ast-hfb-above-header-display":"","ast-hfb-below-header-display":"","ast-hfb-mobile-header-display":"","site-post-title":"disabled","ast-breadcrumbs-content":"","ast-featured-img":"disabled","footer-sml-layout":"","theme-transparent-header-meta":"","adv-header-id-meta":"","stick-header-meta":"","header-above-stick-meta":"","header-main-stick-meta":"","header-below-stick-meta":"","astra-migrate-meta-layouts":"set","footnotes":""},"class_list":["post-3134","page","type-page","status-publish","hentry"],"uagb_featured_image_src":{"full":false,"thumbnail":false,"medium":false,"medium_large":false,"large":false,"1536x1536":false,"2048x2048":false},"uagb_author_info":{"display_name":"Henrique Mendon\u00e7a","author_link":"https:\/\/parsus.com.br\/index.php\/author\/henrique\/"},"uagb_comment_info":0,"uagb_excerpt":"Qu\u00e3o importante \u00e9 a Gest\u00e3o de Carbono para uma Smart City? 18\/10\/2022\/ Artigo escrito por Caio Alencar Participei do evento Connected Smart Cities 2022 em S\u00e3o Paulo nos dias 4 e 5 de outubro, e foi muito bom entender o ponto de vista de v\u00e1rios profissionais de diversas \u00e1reas, onde est\u00e3o trabalhando para cada vez&hellip;","_links":{"self":[{"href":"https:\/\/parsus.com.br\/index.php\/wp-json\/wp\/v2\/pages\/3134"}],"collection":[{"href":"https:\/\/parsus.com.br\/index.php\/wp-json\/wp\/v2\/pages"}],"about":[{"href":"https:\/\/parsus.com.br\/index.php\/wp-json\/wp\/v2\/types\/page"}],"author":[{"embeddable":true,"href":"https:\/\/parsus.com.br\/index.php\/wp-json\/wp\/v2\/users\/8"}],"replies":[{"embeddable":true,"href":"https:\/\/parsus.com.br\/index.php\/wp-json\/wp\/v2\/comments?post=3134"}],"version-history":[{"count":50,"href":"https:\/\/parsus.com.br\/index.php\/wp-json\/wp\/v2\/pages\/3134\/revisions"}],"predecessor-version":[{"id":6835,"href":"https:\/\/parsus.com.br\/index.php\/wp-json\/wp\/v2\/pages\/3134\/revisions\/6835"}],"wp:attachment":[{"href":"https:\/\/parsus.com.br\/index.php\/wp-json\/wp\/v2\/media?parent=3134"}],"curies":[{"name":"wp","href":"https:\/\/api.w.org\/{rel}","templated":true}]}}