{"id":3400,"date":"2023-11-13T11:10:08","date_gmt":"2023-11-13T14:10:08","guid":{"rendered":"https:\/\/parsus.com.br\/?page_id=3400"},"modified":"2025-01-29T15:40:00","modified_gmt":"2025-01-29T18:40:00","slug":"parsus-parceiro-cerclos","status":"publish","type":"page","link":"https:\/\/parsus.com.br\/index.php\/blog\/parsus-parceiro-cerclos\/","title":{"rendered":"Parsus parceiro Cerclos"},"content":{"rendered":"\t\t<div data-elementor-type=\"wp-page\" data-elementor-id=\"3400\" class=\"elementor elementor-3400\">\n\t\t\t\t\t\t<section class=\"elementor-section elementor-top-section elementor-element elementor-element-13c8bc36 elementor-section-boxed elementor-section-height-default elementor-section-height-default\" data-id=\"13c8bc36\" data-element_type=\"section\" data-e-type=\"section\" data-settings=\"{&quot;background_background&quot;:&quot;classic&quot;}\">\n\t\t\t\t\t\t<div class=\"elementor-container elementor-column-gap-no\">\n\t\t\t\t\t<div class=\"elementor-column elementor-col-100 elementor-top-column elementor-element elementor-element-414adf99\" data-id=\"414adf99\" data-element_type=\"column\" data-e-type=\"column\">\n\t\t\t<div class=\"elementor-widget-wrap elementor-element-populated\">\n\t\t\t\t\t\t<div class=\"elementor-element elementor-element-2af49965 elementor-widget elementor-widget-image\" data-id=\"2af49965\" data-element_type=\"widget\" data-e-type=\"widget\" data-widget_type=\"image.default\">\n\t\t\t\t<div class=\"elementor-widget-container\">\n\t\t\t\t\t\t\t\t\t\t\t\t\t\t\t<img fetchpriority=\"high\" decoding=\"async\" width=\"500\" height=\"500\" src=\"https:\/\/parsus.com.br\/wp-content\/uploads\/2023\/12\/kqoa0ns2vy.png\" class=\"attachment-medium_large size-medium_large wp-image-4358\" alt=\"\" srcset=\"https:\/\/parsus.com.br\/wp-content\/uploads\/2023\/12\/kqoa0ns2vy.png 500w, https:\/\/parsus.com.br\/wp-content\/uploads\/2023\/12\/kqoa0ns2vy-300x300.png 300w, https:\/\/parsus.com.br\/wp-content\/uploads\/2023\/12\/kqoa0ns2vy-150x150.png 150w\" sizes=\"(max-width: 500px) 100vw, 500px\" \/>\t\t\t\t\t\t\t\t\t\t\t\t\t\t\t<\/div>\n\t\t\t\t<\/div>\n\t\t\t\t<div class=\"elementor-element elementor-element-76dbecd5 elementor-widget elementor-widget-heading\" data-id=\"76dbecd5\" data-element_type=\"widget\" data-e-type=\"widget\" data-widget_type=\"heading.default\">\n\t\t\t\t<div class=\"elementor-widget-container\">\n\t\t\t\t\t<h3 class=\"elementor-heading-title elementor-size-default\">Parceria Cerclos<\/h3>\t\t\t\t<\/div>\n\t\t\t\t<\/div>\n\t\t\t\t<div class=\"elementor-element elementor-element-1287b598 elementor-widget elementor-widget-text-editor\" data-id=\"1287b598\" data-element_type=\"widget\" data-e-type=\"widget\" data-widget_type=\"text-editor.default\">\n\t\t\t\t<div class=\"elementor-widget-container\">\n\t\t\t\t\t\t\t\t\t<p><span style=\"color: #ffffff;\"><time><span style=\"vertical-align: inherit;\"><span style=\"vertical-align: inherit;\"><span style=\"vertical-align: inherit;\"><span style=\"vertical-align: inherit;\"><span style=\"vertical-align: inherit;\"><span style=\"vertical-align: inherit;\">20\/12\/2023<\/span><\/span><\/span><\/span><\/span><\/span><\/time><span style=\"vertical-align: inherit;\"><span style=\"vertical-align: inherit;\"><span style=\"vertical-align: inherit;\"><span style=\"vertical-align: inherit;\"><span style=\"vertical-align: inherit;\"><span style=\"vertical-align: inherit;\">\/ Artigo escrito por Caio Alencar<\/span><\/span><\/span><\/span><\/span><\/span><\/span><\/p>\t\t\t\t\t\t\t\t<\/div>\n\t\t\t\t<\/div>\n\t\t\t\t<div class=\"elementor-element elementor-element-280a720 elementor-widget elementor-widget-text-editor\" data-id=\"280a720\" data-element_type=\"widget\" data-e-type=\"widget\" data-widget_type=\"text-editor.default\">\n\t\t\t\t<div class=\"elementor-widget-container\">\n\t\t\t\t\t\t\t\t\t<p><span style=\"vertical-align: inherit; color: #ffffff;\"><span style=\"vertical-align: inherit;\"><span style=\"vertical-align: inherit;\"><span style=\"vertical-align: inherit;\"><span style=\"vertical-align: inherit;\"><span style=\"vertical-align: inherit;\">Formalizamos nossa parceria com a Cerclos, para continuar fornecendo solu\u00e7\u00f5es de software e consultoria em Avalia\u00e7\u00e3o de Ciclo de Vida de Edifica\u00e7\u00e3o e Infraestrutura.<\/span><\/span><\/span><\/span><\/span><\/span><\/p><p><span style=\"vertical-align: inherit; color: #ffffff;\"><span style=\"vertical-align: inherit;\"><span style=\"vertical-align: inherit;\"><span style=\"vertical-align: inherit;\"><span style=\"vertical-align: inherit;\"><span style=\"vertical-align: inherit;\">Continuaremos trabalhando juntos com a miss\u00e3o de melhoria de projetos para um futuro de baixo carbono.<\/span><\/span><\/span><\/span><\/span><\/span><\/p><p><span style=\"vertical-align: inherit; color: #ffffff;\"><span style=\"vertical-align: inherit;\"><span style=\"vertical-align: inherit;\"><span style=\"vertical-align: inherit;\"><span style=\"vertical-align: inherit;\"><span style=\"vertical-align: inherit;\">Esta parceria fortalece o suporte a clientes e usu\u00e1rios de software no Brasil e na Am\u00e9rica do Sul na trajet\u00f3ria para atingir as metas ambientais e Net Zero carbono.<\/span><\/span><\/span><\/span><\/span><\/span><\/p><p><span style=\"vertical-align: inherit; color: #ffffff;\"><span style=\"vertical-align: inherit;\"><span style=\"vertical-align: inherit;\"><span style=\"vertical-align: inherit;\"><span style=\"vertical-align: inherit;\"><span style=\"vertical-align: inherit;\">A Parsus \u00e9 l\u00edder nacional em otimiza\u00e7\u00e3o do design sustent\u00e1vel do ambiente constru\u00eddo atrav\u00e9s da Avalia\u00e7\u00e3o de Ciclo de Vida (ACV). Por meio do software eTool, fornece as ferramentas, servi\u00e7os e informa\u00e7\u00f5es para projetar e construir com o menor impacto ambiental, garantindo o melhor retorno sobre o investimento. A equipe da Parsus j\u00e1 completou mais de 70 estudos de ACV desde 2017 para mais de 50 clientes diferentes, como os benef\u00edcios de classifica\u00e7\u00e3o LEED, invent\u00e1rio de carbono para ESG e ferramenta de tomada de decis\u00f5es em projeto integrado.<\/span><\/span><\/span><\/span><\/span><\/span><\/p><p><span style=\"vertical-align: inherit; color: #ffffff;\"><span style=\"vertical-align: inherit;\"><span style=\"vertical-align: inherit;\"><span style=\"vertical-align: inherit;\"><span style=\"vertical-align: inherit;\"><span style=\"vertical-align: inherit;\">A Cerclos \u00e9 l\u00edder global em solu\u00e7\u00f5es de Avalia\u00e7\u00e3o de Ciclo de Vida para o ambiente constru\u00eddo, capacitando as organiza\u00e7\u00f5es a atingir metas ambientais com precis\u00e3o e efici\u00eancia. Os produtos eTool e RapidLCA atendem a padr\u00f5es internacionais, permitindo que as equipes de projeto possam medir, aprimorar e relatar as emiss\u00f5es de carbono e custos para todo o ciclo de vida. A Cerclos tamb\u00e9m fornece servi\u00e7os especializados de consultoria atrav\u00e9s do Centro de Inova\u00e7\u00e3o Net Zero, garantindo que os clientes tenham acesso \u00e0s recomenda\u00e7\u00f5es para acelerar a descarboniza\u00e7\u00e3o do setor da constru\u00e7\u00e3o.<\/span><\/span><\/span><\/span><\/span><\/span><\/p>\t\t\t\t\t\t\t\t<\/div>\n\t\t\t\t<\/div>\n\t\t\t\t<div class=\"elementor-element elementor-element-1647123 elementor-align-center elementor-widget elementor-widget-button\" data-id=\"1647123\" data-element_type=\"widget\" data-e-type=\"widget\" data-widget_type=\"button.default\">\n\t\t\t\t<div class=\"elementor-widget-container\">\n\t\t\t\t\t\t\t\t\t<div class=\"elementor-button-wrapper\">\n\t\t\t\t\t<a class=\"elementor-button elementor-button-link elementor-size-sm\" href=\"https:\/\/www.linkedin.com\/company\/parsus\/about\/\" target=\"_blank\">\n\t\t\t\t\t\t<span class=\"elementor-button-content-wrapper\">\n\t\t\t\t\t\t\t\t\t<span class=\"elementor-button-text\">Saiba mais <\/span>\n\t\t\t\t\t<\/span>\n\t\t\t\t\t<\/a>\n\t\t\t\t<\/div>\n\t\t\t\t\t\t\t\t<\/div>\n\t\t\t\t<\/div>\n\t\t\t\t<section class=\"elementor-section elementor-inner-section elementor-element elementor-element-212c157a elementor-section-boxed elementor-section-height-default elementor-section-height-default\" data-id=\"212c157a\" data-element_type=\"section\" data-e-type=\"section\">\n\t\t\t\t\t\t<div class=\"elementor-container elementor-column-gap-default\">\n\t\t\t\t\t<div class=\"elementor-column elementor-col-100 elementor-inner-column elementor-element elementor-element-852331f\" data-id=\"852331f\" data-element_type=\"column\" data-e-type=\"column\">\n\t\t\t<div class=\"elementor-widget-wrap elementor-element-populated\">\n\t\t\t\t\t\t<div class=\"elementor-element elementor-element-4875c56 elementor-widget elementor-widget-image\" data-id=\"4875c56\" data-element_type=\"widget\" data-e-type=\"widget\" data-widget_type=\"image.default\">\n\t\t\t\t<div class=\"elementor-widget-container\">\n\t\t\t\t\t\t\t\t\t\t\t\t\t\t\t<img decoding=\"async\" width=\"768\" height=\"384\" src=\"https:\/\/parsus.com.br\/wp-content\/uploads\/2024\/09\/Blue-Content-Creation-Table-Plan-Diagram-Banner-medio-formato-EUA-paisagem-15-768x384.png\" class=\"attachment-medium_large size-medium_large wp-image-5890\" alt=\"\" srcset=\"https:\/\/parsus.com.br\/wp-content\/uploads\/2024\/09\/Blue-Content-Creation-Table-Plan-Diagram-Banner-medio-formato-EUA-paisagem-15-768x384.png 768w, https:\/\/parsus.com.br\/wp-content\/uploads\/2024\/09\/Blue-Content-Creation-Table-Plan-Diagram-Banner-medio-formato-EUA-paisagem-15-300x150.png 300w, https:\/\/parsus.com.br\/wp-content\/uploads\/2024\/09\/Blue-Content-Creation-Table-Plan-Diagram-Banner-medio-formato-EUA-paisagem-15.png 940w\" sizes=\"(max-width: 768px) 100vw, 768px\" \/>\t\t\t\t\t\t\t\t\t\t\t\t\t\t\t<\/div>\n\t\t\t\t<\/div>\n\t\t\t\t\t<\/div>\n\t\t<\/div>\n\t\t\t\t\t<\/div>\n\t\t<\/section>\n\t\t\t\t\t<\/div>\n\t\t<\/div>\n\t\t\t\t\t<\/div>\n\t\t<\/section>\n\t\t\t\t<\/div>\n\t\t","protected":false},"excerpt":{"rendered":"<p>Parceria Cerclos 20\/12\/2023\/ Artigo escrito por Caio Alencar Formalizamos nossa parceria com a Cerclos, para continuar fornecendo solu\u00e7\u00f5es de software e consultoria em Avalia\u00e7\u00e3o de Ciclo de Vida de Edifica\u00e7\u00e3o e Infraestrutura. Continuaremos trabalhando juntos com a miss\u00e3o de melhoria de projetos para um futuro de baixo carbono. Esta parceria fortalece o suporte a clientes &hellip;<\/p>\n<p class=\"read-more\"> <a class=\"\" href=\"https:\/\/parsus.com.br\/index.php\/blog\/parsus-parceiro-cerclos\/\"> <span class=\"screen-reader-text\">Parsus parceiro Cerclos<\/span> Read More &raquo;<\/a><\/p>\n","protected":false},"author":8,"featured_media":0,"parent":2958,"menu_order":0,"comment_status":"open","ping_status":"closed","template":"","meta":{"_uag_custom_page_level_css":"","site-sidebar-layout":"no-sidebar","site-content-layout":"page-builder","ast-site-content-layout":"full-width-container","site-content-style":"default","site-sidebar-style":"default","ast-global-header-display":"","ast-banner-title-visibility":"","ast-main-header-display":"","ast-hfb-above-header-display":"","ast-hfb-below-header-display":"","ast-hfb-mobile-header-display":"","site-post-title":"disabled","ast-breadcrumbs-content":"","ast-featured-img":"disabled","footer-sml-layout":"","theme-transparent-header-meta":"","adv-header-id-meta":"","stick-header-meta":"","header-above-stick-meta":"","header-main-stick-meta":"","header-below-stick-meta":"","astra-migrate-meta-layouts":"set","footnotes":""},"class_list":["post-3400","page","type-page","status-publish","hentry"],"uagb_featured_image_src":{"full":false,"thumbnail":false,"medium":false,"medium_large":false,"large":false,"1536x1536":false,"2048x2048":false},"uagb_author_info":{"display_name":"Henrique Mendon\u00e7a","author_link":"https:\/\/parsus.com.br\/index.php\/author\/henrique\/"},"uagb_comment_info":0,"uagb_excerpt":"Parceria Cerclos 20\/12\/2023\/ Artigo escrito por Caio Alencar Formalizamos nossa parceria com a Cerclos, para continuar fornecendo solu\u00e7\u00f5es de software e consultoria em Avalia\u00e7\u00e3o de Ciclo de Vida de Edifica\u00e7\u00e3o e Infraestrutura. Continuaremos trabalhando juntos com a miss\u00e3o de melhoria de projetos para um futuro de baixo carbono. Esta parceria fortalece o suporte a clientes&hellip;","_links":{"self":[{"href":"https:\/\/parsus.com.br\/index.php\/wp-json\/wp\/v2\/pages\/3400"}],"collection":[{"href":"https:\/\/parsus.com.br\/index.php\/wp-json\/wp\/v2\/pages"}],"about":[{"href":"https:\/\/parsus.com.br\/index.php\/wp-json\/wp\/v2\/types\/page"}],"author":[{"embeddable":true,"href":"https:\/\/parsus.com.br\/index.php\/wp-json\/wp\/v2\/users\/8"}],"replies":[{"embeddable":true,"href":"https:\/\/parsus.com.br\/index.php\/wp-json\/wp\/v2\/comments?post=3400"}],"version-history":[{"count":67,"href":"https:\/\/parsus.com.br\/index.php\/wp-json\/wp\/v2\/pages\/3400\/revisions"}],"predecessor-version":[{"id":6855,"href":"https:\/\/parsus.com.br\/index.php\/wp-json\/wp\/v2\/pages\/3400\/revisions\/6855"}],"up":[{"embeddable":true,"href":"https:\/\/parsus.com.br\/index.php\/wp-json\/wp\/v2\/pages\/2958"}],"wp:attachment":[{"href":"https:\/\/parsus.com.br\/index.php\/wp-json\/wp\/v2\/media?parent=3400"}],"curies":[{"name":"wp","href":"https:\/\/api.w.org\/{rel}","templated":true}]}}