{"id":3414,"date":"2023-11-13T11:21:34","date_gmt":"2023-11-13T14:21:34","guid":{"rendered":"https:\/\/parsus.com.br\/?page_id=3414"},"modified":"2025-01-29T15:36:59","modified_gmt":"2025-01-29T18:36:59","slug":"warehouse-benchmark-leed-certified-projects","status":"publish","type":"page","link":"https:\/\/parsus.com.br\/index.php\/warehouse-benchmark-leed-certified-projects\/","title":{"rendered":"Warehouse benchmark \u2013 LEED certified projects"},"content":{"rendered":"\t\t<div data-elementor-type=\"wp-page\" data-elementor-id=\"3414\" class=\"elementor elementor-3414\">\n\t\t\t\t\t\t<section class=\"elementor-section elementor-top-section elementor-element elementor-element-13c8bc36 elementor-section-boxed elementor-section-height-default elementor-section-height-default\" data-id=\"13c8bc36\" data-element_type=\"section\" data-e-type=\"section\" data-settings=\"{&quot;background_background&quot;:&quot;classic&quot;}\">\n\t\t\t\t\t\t<div class=\"elementor-container elementor-column-gap-no\">\n\t\t\t\t\t<div class=\"elementor-column elementor-col-100 elementor-top-column elementor-element elementor-element-414adf99\" data-id=\"414adf99\" data-element_type=\"column\" data-e-type=\"column\">\n\t\t\t<div class=\"elementor-widget-wrap elementor-element-populated\">\n\t\t\t\t\t\t<div class=\"elementor-element elementor-element-2af49965 elementor-widget elementor-widget-image\" data-id=\"2af49965\" data-element_type=\"widget\" data-e-type=\"widget\" data-widget_type=\"image.default\">\n\t\t\t\t<div class=\"elementor-widget-container\">\n\t\t\t\t\t\t\t\t\t\t\t\t\t\t\t<img fetchpriority=\"high\" decoding=\"async\" width=\"768\" height=\"268\" src=\"https:\/\/parsus.com.br\/wp-content\/uploads\/2023\/11\/LEED-warehouse-1210x423-1-768x268.webp\" class=\"attachment-medium_large size-medium_large wp-image-3385\" alt=\"\" srcset=\"https:\/\/parsus.com.br\/wp-content\/uploads\/2023\/11\/LEED-warehouse-1210x423-1-768x268.webp 768w, https:\/\/parsus.com.br\/wp-content\/uploads\/2023\/11\/LEED-warehouse-1210x423-1-300x105.webp 300w, https:\/\/parsus.com.br\/wp-content\/uploads\/2023\/11\/LEED-warehouse-1210x423-1-1024x358.webp 1024w, https:\/\/parsus.com.br\/wp-content\/uploads\/2023\/11\/LEED-warehouse-1210x423-1.webp 1210w\" sizes=\"(max-width: 768px) 100vw, 768px\" \/>\t\t\t\t\t\t\t\t\t\t\t\t\t\t\t<\/div>\n\t\t\t\t<\/div>\n\t\t\t\t<div class=\"elementor-element elementor-element-76dbecd5 elementor-widget elementor-widget-heading\" data-id=\"76dbecd5\" data-element_type=\"widget\" data-e-type=\"widget\" data-widget_type=\"heading.default\">\n\t\t\t\t<div class=\"elementor-widget-container\">\n\t\t\t\t\t<h3 class=\"elementor-heading-title elementor-size-default\">Warehouse benchmark \u2013 LEED certified projects <\/h3>\t\t\t\t<\/div>\n\t\t\t\t<\/div>\n\t\t\t\t<div class=\"elementor-element elementor-element-1287b598 elementor-widget elementor-widget-text-editor\" data-id=\"1287b598\" data-element_type=\"widget\" data-e-type=\"widget\" data-widget_type=\"text-editor.default\">\n\t\t\t\t<div class=\"elementor-widget-container\">\n\t\t\t\t\t\t\t\t\t<p><span style=\"color: #ffffff;\"><time><span style=\"vertical-align: inherit;\"><span style=\"vertical-align: inherit;\">02\/07\/2021<\/span><\/span><\/time><span style=\"vertical-align: inherit;\"><span style=\"vertical-align: inherit;\">\/ Artigo escrito por Henrique Mendon\u00e7a<\/span><\/span><\/span><\/p>\t\t\t\t\t\t\t\t<\/div>\n\t\t\t\t<\/div>\n\t\t\t\t<div class=\"elementor-element elementor-element-e5e2316 elementor-widget elementor-widget-text-editor\" data-id=\"e5e2316\" data-element_type=\"widget\" data-e-type=\"widget\" data-widget_type=\"text-editor.default\">\n\t\t\t\t<div class=\"elementor-widget-container\">\n\t\t\t\t\t\t\t\t\t<p><span style=\"font-weight: 400; color: #ffffff;\"><span style=\"vertical-align: inherit;\"><span style=\"vertical-align: inherit;\"><span style=\"vertical-align: inherit;\"><span style=\"vertical-align: inherit;\">A Parsus desenvolveu um estudo de benchmark de armaz\u00e9m em colabora\u00e7\u00e3o com a CTE, empresa brasileira de engenharia e consultoria, acompanhando a crescente demanda por servi\u00e7os de Projeto de Ciclo de Vida em projetos com certifica\u00e7\u00e3o LEED.\u00a0<\/span><\/span><\/span><\/span><\/span><\/p><p><span style=\"font-weight: 400; color: #ffffff;\"><span style=\"vertical-align: inherit;\"><span style=\"vertical-align: inherit;\"><span style=\"vertical-align: inherit;\"><span style=\"vertical-align: inherit;\">O objetivo deste estudo \u00e9 compartilhar resultados de benchmarking, analisar profundamente as \u00e1reas cr\u00edticas do projeto, identificar as melhores estrat\u00e9gias de melhoria e auxiliar as equipes de design a definir metas de redu\u00e7\u00e3o de impacto na fase de conceito.\u00a0<\/span><\/span><\/span><\/span><\/span><\/p><p><span style=\"font-weight: 400; color: #ffffff;\"><span style=\"vertical-align: inherit;\"><span style=\"vertical-align: inherit;\"><span style=\"vertical-align: inherit;\"><span style=\"vertical-align: inherit;\">O LEED est\u00e1 ajudando a contribuir o uso da Avalia\u00e7\u00e3o do Ciclo de Vida na constru\u00e7\u00e3o e este estudo abrange o projeto final de sete armaz\u00e9ns no Brasil que foram avaliados de acordo com o cr\u00e9dito de Redu\u00e7\u00e3o do Impacto do Ciclo de Vida da Constru\u00e7\u00e3o (MRc1 \u2013 Op\u00e7\u00e3o 4 \u2013 ACV de todo o edif\u00edcio).<\/span><\/span><\/span><\/span><\/span><\/p><p><span style=\"font-weight: 400; color: #ffffff;\"><span style=\"vertical-align: inherit;\"><span style=\"vertical-align: inherit;\"><span style=\"vertical-align: inherit;\"><span style=\"vertical-align: inherit;\">O tamanho desses projetos varia entre 62.818 m2 e 6.128 m2. A compara\u00e7\u00e3o de equival\u00eancia funcional tamb\u00e9m atualmente \u00e9 uma altura m\u00e9dia de 13,6 m.<\/span><\/span><\/span><\/span><\/span><\/p><p><span style=\"font-weight: 400; color: #ffffff;\"><span style=\"vertical-align: inherit;\"><span style=\"vertical-align: inherit;\"><span style=\"vertical-align: inherit;\"><span style=\"vertical-align: inherit;\">O cr\u00e9dito LCA \u00e9 focado nos impactos dos materiais do n\u00facleo, estrutura e envolvimento do projeto e o escopo limitado inclui os seguintes m\u00f3dulos do ciclo de vida:<\/span><\/span><\/span><\/span><\/span><\/p><ul><li style=\"font-weight: 400;\" aria-level=\"1\"><span style=\"font-weight: 400; color: #ffffff;\"><span style=\"vertical-align: inherit;\"><span style=\"vertical-align: inherit;\"><span style=\"vertical-align: inherit;\"><span style=\"vertical-align: inherit;\">A1-A3 \u2013 Est\u00e1gio do produto<\/span><\/span><\/span><\/span><\/span><\/li><li style=\"font-weight: 400;\" aria-level=\"1\"><span style=\"font-weight: 400; color: #ffffff;\"><span style=\"vertical-align: inherit;\"><span style=\"vertical-align: inherit;\"><span style=\"vertical-align: inherit;\"><span style=\"vertical-align: inherit;\">A4 \u2013 Transporte<\/span><\/span><\/span><\/span><\/span><\/li><li style=\"font-weight: 400;\" aria-level=\"1\"><span style=\"font-weight: 400; color: #ffffff;\"><span style=\"vertical-align: inherit;\"><span style=\"vertical-align: inherit;\"><span style=\"vertical-align: inherit;\"><span style=\"vertical-align: inherit;\">B1-B5 \u2013 Uso, Manuten\u00e7\u00e3o, Substitui\u00e7\u00e3o<\/span><\/span><\/span><\/span><\/span><\/li><li style=\"font-weight: 400;\" aria-level=\"1\"><span style=\"font-weight: 400; color: #ffffff;\"><span style=\"vertical-align: inherit;\"><span style=\"vertical-align: inherit;\"><span style=\"vertical-align: inherit;\"><span style=\"vertical-align: inherit;\">C1-C4 \u2013 Fim da vida<\/span><\/span><\/span><\/span><\/span><\/li><\/ul><p><span style=\"font-weight: 400; color: #ffffff;\"><span style=\"vertical-align: inherit;\"><span style=\"vertical-align: inherit;\"><span style=\"vertical-align: inherit;\"><span style=\"vertical-align: inherit;\">O software eTool foi usado para conduzir o estudo usando o Life Cycle Strategies North American v17 Life Cycle Inventory, em conformidade com EN15804 e ISO14044. O m\u00e9todo de avalia\u00e7\u00e3o de impacto \u00e9 CML \u2013 IA baseline V4.5. A vida \u00fatil \u00e9 de 60 anos.<\/span><\/span><\/span><\/span><\/span><\/p><p><span style=\"font-weight: 400;\"><span style=\"color: #ffffff;\"><span style=\"vertical-align: inherit;\"><span style=\"vertical-align: inherit;\"><span style=\"vertical-align: inherit;\"><span style=\"vertical-align: inherit;\">O escopo da constru\u00e7\u00e3o abrange o envelope completo do edif\u00edcio e elementos estruturais, incluindo funda\u00e7\u00f5es e sapatas, pisos estruturais, colunas, vigas, montagem de paredes estruturais (do revestimento aos acabamentos internos), portas externas, envidra\u00e7amento e montagens de telhado. Os impactos estimados de demoli\u00e7\u00e3o tamb\u00e9m est\u00e3o inclu\u00eddos.<\/span><\/span><\/span><\/span><\/span><br \/><\/span><\/p>\t\t\t\t\t\t\t\t<\/div>\n\t\t\t\t<\/div>\n\t\t\t\t<div class=\"elementor-element elementor-element-dd1f000 elementor-widget elementor-widget-image\" data-id=\"dd1f000\" data-element_type=\"widget\" data-e-type=\"widget\" data-widget_type=\"image.default\">\n\t\t\t\t<div class=\"elementor-widget-container\">\n\t\t\t\t\t\t\t\t\t\t\t\t\t\t\t<img decoding=\"async\" width=\"768\" height=\"562\" src=\"https:\/\/parsus.com.br\/wp-content\/uploads\/2023\/11\/LEED-LCA-warehouse-benchmark-768x562.webp\" class=\"attachment-medium_large size-medium_large wp-image-3402\" alt=\"\" srcset=\"https:\/\/parsus.com.br\/wp-content\/uploads\/2023\/11\/LEED-LCA-warehouse-benchmark-768x562.webp 768w, https:\/\/parsus.com.br\/wp-content\/uploads\/2023\/11\/LEED-LCA-warehouse-benchmark-300x219.webp 300w, https:\/\/parsus.com.br\/wp-content\/uploads\/2023\/11\/LEED-LCA-warehouse-benchmark.webp 868w\" sizes=\"(max-width: 768px) 100vw, 768px\" \/>\t\t\t\t\t\t\t\t\t\t\t\t\t\t\t<\/div>\n\t\t\t\t<\/div>\n\t\t\t\t<div class=\"elementor-element elementor-element-20c904c elementor-widget elementor-widget-text-editor\" data-id=\"20c904c\" data-element_type=\"widget\" data-e-type=\"widget\" data-widget_type=\"text-editor.default\">\n\t\t\t\t<div class=\"elementor-widget-container\">\n\t\t\t\t\t\t\t\t\t<p style=\"text-align: center;\"><span style=\"color: #ffffff;\"><span style=\"vertical-align: inherit;\"><span style=\"vertical-align: inherit;\"><span style=\"vertical-align: inherit;\"><span style=\"vertical-align: inherit;\">Armaz\u00e9m certificado LEED (Brasil) \u2013 Benchmark de carbono<\/span><\/span><\/span><\/span><\/span><\/p><p><span style=\"font-weight: 400; color: #ffffff;\"><span style=\"vertical-align: inherit;\"><span style=\"vertical-align: inherit;\"><span style=\"vertical-align: inherit;\"><span style=\"vertical-align: inherit;\">A constru\u00e7\u00e3o t\u00edpica de armaz\u00e9ns no Brasil utiliza funda\u00e7\u00f5es e estacas de concreto armado, lajes de concreto, colunas e vigas de concreto pr\u00e9-fabricadas, paredes de blocos de concreto, pain\u00e9is de concreto ou revestimento de a\u00e7o, estrutura de telhado de a\u00e7o e cobertura de a\u00e7o telhado de a\u00e7o isolado.\u00a0<\/span><\/span><\/span><\/span><\/span><\/p><p><span style=\"font-weight: 400; color: #ffffff;\"><span style=\"vertical-align: inherit;\"><span style=\"vertical-align: inherit;\"><span style=\"vertical-align: inherit;\"><span style=\"vertical-align: inherit;\">A maioria dos impactos dos materiais est\u00e1 associada ao concreto e ao a\u00e7o. O uso de substitui\u00e7\u00f5es de cl\u00ednquer em cimento est\u00e1 se tornando mais comum e o uso parcial de esc\u00f3ria de alto-forno foi refor\u00e7ando na mistura de concreto para funda\u00e7\u00f5es e pisos estruturais. A porcentagem acima da m\u00eddia de alto conte\u00fado combinada em refor\u00e7o de a\u00e7o tamb\u00e9m foi considerada parte do modelo de refer\u00eancia. Essas suposi\u00e7\u00f5es ajudam a contribuir para a mudan\u00e7a no segmento \u00e0 medida que se tornam mais comuns e agora s\u00e3o consideradas pr\u00e1ticas t\u00edpicas para projetos com certifica\u00e7\u00e3o LEED.<\/span><\/span><\/span><\/span><\/span><\/p>\t\t\t\t\t\t\t\t<\/div>\n\t\t\t\t<\/div>\n\t\t\t\t<div class=\"elementor-element elementor-element-f2d599a elementor-widget elementor-widget-image\" data-id=\"f2d599a\" data-element_type=\"widget\" data-e-type=\"widget\" data-widget_type=\"image.default\">\n\t\t\t\t<div class=\"elementor-widget-container\">\n\t\t\t\t\t\t\t\t\t\t\t\t\t\t\t<img decoding=\"async\" width=\"768\" height=\"334\" src=\"https:\/\/parsus.com.br\/wp-content\/uploads\/2023\/11\/LEED-LCA-warehouse-benchmark-materials-inventory-summary-768x334.webp\" class=\"attachment-medium_large size-medium_large wp-image-3403\" alt=\"\" srcset=\"https:\/\/parsus.com.br\/wp-content\/uploads\/2023\/11\/LEED-LCA-warehouse-benchmark-materials-inventory-summary-768x334.webp 768w, https:\/\/parsus.com.br\/wp-content\/uploads\/2023\/11\/LEED-LCA-warehouse-benchmark-materials-inventory-summary-300x130.webp 300w, https:\/\/parsus.com.br\/wp-content\/uploads\/2023\/11\/LEED-LCA-warehouse-benchmark-materials-inventory-summary-1024x445.webp 1024w, https:\/\/parsus.com.br\/wp-content\/uploads\/2023\/11\/LEED-LCA-warehouse-benchmark-materials-inventory-summary.webp 1254w\" sizes=\"(max-width: 768px) 100vw, 768px\" \/>\t\t\t\t\t\t\t\t\t\t\t\t\t\t\t<\/div>\n\t\t\t\t<\/div>\n\t\t\t\t<div class=\"elementor-element elementor-element-e46300a elementor-widget elementor-widget-text-editor\" data-id=\"e46300a\" data-element_type=\"widget\" data-e-type=\"widget\" data-widget_type=\"text-editor.default\">\n\t\t\t\t<div class=\"elementor-widget-container\">\n\t\t\t\t\t\t\t\t\t<p><span style=\"vertical-align: inherit;\"><span style=\"vertical-align: inherit;\">\u00a0\u00a0\u00a0\u00a0\u00a0\u00a0\u00a0\u00a0\u00a0\u00a0\u00a0\u00a0\u00a0\u00a0\u00a0\u00a0\u00a0\u00a0\u00a0\u00a0\u00a0\u00a0\u00a0\u00a0\u00a0\u00a0\u00a0\u00a0\u00a0\u00a0\u00a0\u00a0\u00a0\u00a0\u00a0\u00a0\u00a0\u00a0\u00a0\u00a0\u00a0\u00a0\u00a0\u00a0\u00a0\u00a0\u00a0\u00a0\u00a0\u00a0\u00a0\u00a0\u00a0\u00a0\u00a0\u00a0<span style=\"color: #ffffff;\">\u00a0\u00a0\u00a0\u00a0\u00a0\u00a0\u00a0\u00a0\u00a0\u00a0\u00a0\u00a0\u00a0\u00a0\u00a0\u00a0\u00a0\u00a0\u00a0\u00a0\u00a0\u00a0\u00a0\u00a0\u00a0\u00a0\u00a0\u00a0\u00a0\u00a0\u00a0\u00a0\u00a0\u00a0\u00a0\u00a0\u00a0\u00a0\u00a0\u00a0\u00a0\u00a0\u00a0\u00a0\u00a0\u00a0\u00a0\u00a0\u00a0\u00a0\u00a0\u00a0\u00a0\u00a0\u00a0 Armaz\u00e9m LEED (27859 m2) \u2013 resumo do invent\u00e1rio de materiais<\/span><\/span><\/span><\/p>\t\t\t\t\t\t\t\t<\/div>\n\t\t\t\t<\/div>\n\t\t\t\t<div class=\"elementor-element elementor-element-a4731e4 elementor-widget elementor-widget-image\" data-id=\"a4731e4\" data-element_type=\"widget\" data-e-type=\"widget\" data-widget_type=\"image.default\">\n\t\t\t\t<div class=\"elementor-widget-container\">\n\t\t\t\t\t\t\t\t\t\t\t\t\t\t\t<img loading=\"lazy\" decoding=\"async\" width=\"768\" height=\"221\" src=\"https:\/\/parsus.com.br\/wp-content\/uploads\/2023\/11\/LEED-LCA-warehouse-benchmark-EN15978-table-768x221.webp\" class=\"attachment-medium_large size-medium_large wp-image-3404\" alt=\"\" srcset=\"https:\/\/parsus.com.br\/wp-content\/uploads\/2023\/11\/LEED-LCA-warehouse-benchmark-EN15978-table-768x221.webp 768w, https:\/\/parsus.com.br\/wp-content\/uploads\/2023\/11\/LEED-LCA-warehouse-benchmark-EN15978-table-300x86.webp 300w, https:\/\/parsus.com.br\/wp-content\/uploads\/2023\/11\/LEED-LCA-warehouse-benchmark-EN15978-table-1024x295.webp 1024w, https:\/\/parsus.com.br\/wp-content\/uploads\/2023\/11\/LEED-LCA-warehouse-benchmark-EN15978-table.webp 1264w\" sizes=\"(max-width: 768px) 100vw, 768px\" \/>\t\t\t\t\t\t\t\t\t\t\t\t\t\t\t<\/div>\n\t\t\t\t<\/div>\n\t\t\t\t<div class=\"elementor-element elementor-element-fb570ec elementor-widget elementor-widget-text-editor\" data-id=\"fb570ec\" data-element_type=\"widget\" data-e-type=\"widget\" data-widget_type=\"text-editor.default\">\n\t\t\t\t<div class=\"elementor-widget-container\">\n\t\t\t\t\t\t\t\t\t<p style=\"text-align: center;\"><span style=\"color: #ffffff;\"><span style=\"vertical-align: inherit;\"><span style=\"vertical-align: inherit;\"><span style=\"vertical-align: inherit;\"><span style=\"vertical-align: inherit;\">Refer\u00eancia de armaz\u00e9m LEED \u2013 tabela EN15978 (escopo limitado)<\/span><\/span><\/span><\/span><\/span><\/p><p><span style=\"color: #ffffff;\"><span style=\"vertical-align: inherit;\"><span style=\"vertical-align: inherit;\"><span style=\"vertical-align: inherit;\"><span style=\"vertical-align: inherit;\">Um bom projeto estrutural pode reduzir significativamente o carbono incorporado, especialmente quando diferentes cen\u00e1rios s\u00e3o testados no est\u00e1gio de conceito. N\u00e3o apenas avaliando os impactos dos materiais, mas tamb\u00e9m o efeito de diferentes m\u00e9todos e tecnologias de constru\u00e7\u00e3o. Os usu\u00e1rios do eTool podem avaliar rapidamente os impactos ambientais do dep\u00f3sito no est\u00e1gio de projeto do conceito usando o modelo de dep\u00f3sito completo (n\u00edvel de componente) dispon\u00edvel no software. Observe que este modelo personalizado \u00e9 desenvolvido visando os requisitos de cr\u00e9dito LEED e cobre um escopo limitado. O Parsus incentiva uma an\u00e1lise completa do projeto, incluindo todos os est\u00e1gios do ciclo de vida e o escopo completo da constru\u00e7\u00e3o. Isso permite uma an\u00e1lise do est\u00e1gio inicial para ajudar a informar as equipes de projeto a testar diferentes cen\u00e1rios e estrat\u00e9gias de melhoria potencial antes de progredir para o est\u00e1gio de projeto detalhado.<\/span><\/span><\/span><\/span><\/span><\/p><p><span style=\"color: #ffffff;\"><span style=\"vertical-align: inherit;\"><span style=\"vertical-align: inherit;\"><span style=\"vertical-align: inherit;\"><span style=\"vertical-align: inherit;\">Para mais informa\u00e7\u00f5es, entre em contato conosco.<\/span><\/span><\/span><\/span><\/span><\/p>\t\t\t\t\t\t\t\t<\/div>\n\t\t\t\t<\/div>\n\t\t\t\t<section class=\"elementor-section elementor-inner-section elementor-element elementor-element-212c157a elementor-section-boxed elementor-section-height-default elementor-section-height-default\" data-id=\"212c157a\" data-element_type=\"section\" data-e-type=\"section\">\n\t\t\t\t\t\t<div class=\"elementor-container elementor-column-gap-default\">\n\t\t\t\t\t<div class=\"elementor-column elementor-col-50 elementor-inner-column elementor-element elementor-element-379a3cbb\" data-id=\"379a3cbb\" data-element_type=\"column\" data-e-type=\"column\">\n\t\t\t<div class=\"elementor-widget-wrap\">\n\t\t\t\t\t\t\t<\/div>\n\t\t<\/div>\n\t\t\t\t<div class=\"elementor-column elementor-col-50 elementor-inner-column elementor-element elementor-element-d7380d0\" data-id=\"d7380d0\" data-element_type=\"column\" data-e-type=\"column\">\n\t\t\t<div class=\"elementor-widget-wrap\">\n\t\t\t\t\t\t\t<\/div>\n\t\t<\/div>\n\t\t\t\t\t<\/div>\n\t\t<\/section>\n\t\t\t\t\t<\/div>\n\t\t<\/div>\n\t\t\t\t\t<\/div>\n\t\t<\/section>\n\t\t\t\t<\/div>\n\t\t","protected":false},"excerpt":{"rendered":"<p>Warehouse benchmark \u2013 LEED certified projects 02\/07\/2021\/ Artigo escrito por Henrique Mendon\u00e7a A Parsus desenvolveu um estudo de benchmark de armaz\u00e9m em colabora\u00e7\u00e3o com a CTE, empresa brasileira de engenharia e consultoria, acompanhando a crescente demanda por servi\u00e7os de Projeto de Ciclo de Vida em projetos com certifica\u00e7\u00e3o LEED.\u00a0 O objetivo deste estudo \u00e9 compartilhar &hellip;<\/p>\n<p class=\"read-more\"> <a class=\"\" href=\"https:\/\/parsus.com.br\/index.php\/warehouse-benchmark-leed-certified-projects\/\"> <span class=\"screen-reader-text\">Warehouse benchmark \u2013 LEED certified projects<\/span> Read More &raquo;<\/a><\/p>\n","protected":false},"author":8,"featured_media":0,"parent":0,"menu_order":0,"comment_status":"open","ping_status":"closed","template":"","meta":{"_uag_custom_page_level_css":"","site-sidebar-layout":"no-sidebar","site-content-layout":"page-builder","ast-site-content-layout":"full-width-container","site-content-style":"default","site-sidebar-style":"default","ast-global-header-display":"","ast-banner-title-visibility":"","ast-main-header-display":"","ast-hfb-above-header-display":"","ast-hfb-below-header-display":"","ast-hfb-mobile-header-display":"","site-post-title":"disabled","ast-breadcrumbs-content":"","ast-featured-img":"disabled","footer-sml-layout":"","theme-transparent-header-meta":"","adv-header-id-meta":"","stick-header-meta":"","header-above-stick-meta":"","header-main-stick-meta":"","header-below-stick-meta":"","astra-migrate-meta-layouts":"set","footnotes":""},"class_list":["post-3414","page","type-page","status-publish","hentry"],"uagb_featured_image_src":{"full":false,"thumbnail":false,"medium":false,"medium_large":false,"large":false,"1536x1536":false,"2048x2048":false},"uagb_author_info":{"display_name":"Henrique Mendon\u00e7a","author_link":"https:\/\/parsus.com.br\/index.php\/author\/henrique\/"},"uagb_comment_info":0,"uagb_excerpt":"Warehouse benchmark \u2013 LEED certified projects 02\/07\/2021\/ Artigo escrito por Henrique Mendon\u00e7a A Parsus desenvolveu um estudo de benchmark de armaz\u00e9m em colabora\u00e7\u00e3o com a CTE, empresa brasileira de engenharia e consultoria, acompanhando a crescente demanda por servi\u00e7os de Projeto de Ciclo de Vida em projetos com certifica\u00e7\u00e3o LEED.\u00a0 O objetivo deste estudo \u00e9 compartilhar&hellip;","_links":{"self":[{"href":"https:\/\/parsus.com.br\/index.php\/wp-json\/wp\/v2\/pages\/3414"}],"collection":[{"href":"https:\/\/parsus.com.br\/index.php\/wp-json\/wp\/v2\/pages"}],"about":[{"href":"https:\/\/parsus.com.br\/index.php\/wp-json\/wp\/v2\/types\/page"}],"author":[{"embeddable":true,"href":"https:\/\/parsus.com.br\/index.php\/wp-json\/wp\/v2\/users\/8"}],"replies":[{"embeddable":true,"href":"https:\/\/parsus.com.br\/index.php\/wp-json\/wp\/v2\/comments?post=3414"}],"version-history":[{"count":24,"href":"https:\/\/parsus.com.br\/index.php\/wp-json\/wp\/v2\/pages\/3414\/revisions"}],"predecessor-version":[{"id":6839,"href":"https:\/\/parsus.com.br\/index.php\/wp-json\/wp\/v2\/pages\/3414\/revisions\/6839"}],"wp:attachment":[{"href":"https:\/\/parsus.com.br\/index.php\/wp-json\/wp\/v2\/media?parent=3414"}],"curies":[{"name":"wp","href":"https:\/\/api.w.org\/{rel}","templated":true}]}}