{"id":3557,"date":"2023-11-14T16:05:51","date_gmt":"2023-11-14T19:05:51","guid":{"rendered":"https:\/\/parsus.com.br\/?page_id=3557"},"modified":"2024-01-18T15:47:10","modified_gmt":"2024-01-18T18:47:10","slug":"makro-aracaju-se-leed","status":"publish","type":"page","link":"https:\/\/parsus.com.br\/index.php\/projetos\/makro-aracaju-se-leed\/","title":{"rendered":"Makro Aracaju SE \u2013 LEED"},"content":{"rendered":"\t\t<div data-elementor-type=\"wp-page\" data-elementor-id=\"3557\" class=\"elementor elementor-3557\">\n\t\t\t\t\t\t<section class=\"elementor-section elementor-top-section elementor-element elementor-element-1a4b6519 elementor-section-content-middle elementor-section-boxed elementor-section-height-default elementor-section-height-default\" data-id=\"1a4b6519\" data-element_type=\"section\" data-e-type=\"section\" data-settings=\"{&quot;background_background&quot;:&quot;classic&quot;}\">\n\t\t\t\t\t\t\t<div class=\"elementor-background-overlay\"><\/div>\n\t\t\t\t\t\t\t<div class=\"elementor-container elementor-column-gap-no\">\n\t\t\t\t\t<div class=\"elementor-column elementor-col-100 elementor-top-column elementor-element elementor-element-54e74890\" data-id=\"54e74890\" data-element_type=\"column\" data-e-type=\"column\">\n\t\t\t<div class=\"elementor-widget-wrap elementor-element-populated\">\n\t\t\t\t\t\t<section class=\"elementor-section elementor-inner-section elementor-element elementor-element-cb10062 elementor-section-boxed elementor-section-height-default elementor-section-height-default\" data-id=\"cb10062\" data-element_type=\"section\" data-e-type=\"section\">\n\t\t\t\t\t\t<div class=\"elementor-container elementor-column-gap-default\">\n\t\t\t\t\t<div class=\"elementor-column elementor-col-25 elementor-inner-column elementor-element elementor-element-14f0e26\" data-id=\"14f0e26\" data-element_type=\"column\" data-e-type=\"column\">\n\t\t\t<div class=\"elementor-widget-wrap\">\n\t\t\t\t\t\t\t<\/div>\n\t\t<\/div>\n\t\t\t\t<div class=\"elementor-column elementor-col-50 elementor-inner-column elementor-element elementor-element-267831b\" data-id=\"267831b\" data-element_type=\"column\" data-e-type=\"column\">\n\t\t\t<div class=\"elementor-widget-wrap elementor-element-populated\">\n\t\t\t\t\t\t<div class=\"elementor-element elementor-element-1f56fc4 elementor-widget__width-initial elementor-widget elementor-widget-heading\" data-id=\"1f56fc4\" data-element_type=\"widget\" data-e-type=\"widget\" data-widget_type=\"heading.default\">\n\t\t\t\t<div class=\"elementor-widget-container\">\n\t\t\t\t\t<h2 class=\"elementor-heading-title elementor-size-default\">Makro Aracaju SE \u2013 LEED<\/h2>\t\t\t\t<\/div>\n\t\t\t\t<\/div>\n\t\t\t\t<div class=\"elementor-element elementor-element-9528acc elementor-widget elementor-widget-spacer\" data-id=\"9528acc\" data-element_type=\"widget\" data-e-type=\"widget\" data-widget_type=\"spacer.default\">\n\t\t\t\t<div class=\"elementor-widget-container\">\n\t\t\t\t\t\t\t<div class=\"elementor-spacer\">\n\t\t\t<div class=\"elementor-spacer-inner\"><\/div>\n\t\t<\/div>\n\t\t\t\t\t\t<\/div>\n\t\t\t\t<\/div>\n\t\t\t\t\t<\/div>\n\t\t<\/div>\n\t\t\t\t<div class=\"elementor-column elementor-col-25 elementor-inner-column elementor-element elementor-element-b0f34f2\" data-id=\"b0f34f2\" data-element_type=\"column\" data-e-type=\"column\">\n\t\t\t<div class=\"elementor-widget-wrap\">\n\t\t\t\t\t\t\t<\/div>\n\t\t<\/div>\n\t\t\t\t\t<\/div>\n\t\t<\/section>\n\t\t\t\t\t<\/div>\n\t\t<\/div>\n\t\t\t\t\t<\/div>\n\t\t<\/section>\n\t\t\t\t<section class=\"elementor-section elementor-top-section elementor-element elementor-element-420fd808 elementor-section-content-middle elementor-section-boxed elementor-section-height-default elementor-section-height-default\" data-id=\"420fd808\" data-element_type=\"section\" data-e-type=\"section\" data-settings=\"{&quot;background_background&quot;:&quot;classic&quot;}\">\n\t\t\t\t\t\t<div class=\"elementor-container elementor-column-gap-no\">\n\t\t\t\t\t<div class=\"elementor-column elementor-col-100 elementor-top-column elementor-element elementor-element-b6a91f3\" data-id=\"b6a91f3\" data-element_type=\"column\" data-e-type=\"column\">\n\t\t\t<div class=\"elementor-widget-wrap elementor-element-populated\">\n\t\t\t\t\t\t<div class=\"elementor-element elementor-element-4b311b2 elementor-widget elementor-widget-image-gallery\" data-id=\"4b311b2\" data-element_type=\"widget\" data-e-type=\"widget\" data-widget_type=\"image-gallery.default\">\n\t\t\t\t<div class=\"elementor-widget-container\">\n\t\t\t\t\t\t\t<div class=\"elementor-image-gallery\">\n\t\t\t<div id='gallery-1' class='gallery galleryid-3557 gallery-columns-3 gallery-size-medium'><figure class='gallery-item'>\n\t\t\t<div class='gallery-icon landscape'>\n\t\t\t\t<a data-elementor-open-lightbox=\"yes\" data-elementor-lightbox-slideshow=\"4b311b2\" data-e-action-hash=\"#elementor-action%3Aaction%3Dlightbox%26settings%3DeyJpZCI6MzU2MSwidXJsIjoiaHR0cHM6XC9cL3BhcnN1cy5jb20uYnJcL3dwLWNvbnRlbnRcL3VwbG9hZHNcLzIwMjNcLzExXC9DYXB0dXJhLWRlLVRlbGEtMjAxOC0wMy0xNC1hcy0xMS41OS4wNC0xLTEucG5nIiwic2xpZGVzaG93IjoiNGIzMTFiMiJ9\" href='https:\/\/parsus.com.br\/wp-content\/uploads\/2023\/11\/Captura-de-Tela-2018-03-14-as-11.59.04-1-1.png'><img fetchpriority=\"high\" decoding=\"async\" width=\"300\" height=\"171\" src=\"https:\/\/parsus.com.br\/wp-content\/uploads\/2023\/11\/Captura-de-Tela-2018-03-14-as-11.59.04-1-1-300x171.png\" class=\"attachment-medium size-medium\" alt=\"\" srcset=\"https:\/\/parsus.com.br\/wp-content\/uploads\/2023\/11\/Captura-de-Tela-2018-03-14-as-11.59.04-1-1-300x171.png 300w, https:\/\/parsus.com.br\/wp-content\/uploads\/2023\/11\/Captura-de-Tela-2018-03-14-as-11.59.04-1-1-768x438.png 768w, https:\/\/parsus.com.br\/wp-content\/uploads\/2023\/11\/Captura-de-Tela-2018-03-14-as-11.59.04-1-1.png 836w\" sizes=\"(max-width: 300px) 100vw, 300px\" \/><\/a>\n\t\t\t<\/div><\/figure><figure class='gallery-item'>\n\t\t\t<div class='gallery-icon landscape'>\n\t\t\t\t<a data-elementor-open-lightbox=\"yes\" data-elementor-lightbox-slideshow=\"4b311b2\" data-e-action-hash=\"#elementor-action%3Aaction%3Dlightbox%26settings%3DeyJpZCI6MzU2MCwidXJsIjoiaHR0cHM6XC9cL3BhcnN1cy5jb20uYnJcL3dwLWNvbnRlbnRcL3VwbG9hZHNcLzIwMjNcLzExXC9jb25zdHJ1Y3Rpb24tc2l0ZS0xMDMweDU0MS0xLnBuZyIsInNsaWRlc2hvdyI6IjRiMzExYjIifQ%3D%3D\" href='https:\/\/parsus.com.br\/wp-content\/uploads\/2023\/11\/construction-site-1030x541-1.png'><img decoding=\"async\" width=\"300\" height=\"158\" src=\"https:\/\/parsus.com.br\/wp-content\/uploads\/2023\/11\/construction-site-1030x541-1-300x158.png\" class=\"attachment-medium size-medium\" alt=\"\" srcset=\"https:\/\/parsus.com.br\/wp-content\/uploads\/2023\/11\/construction-site-1030x541-1-300x158.png 300w, https:\/\/parsus.com.br\/wp-content\/uploads\/2023\/11\/construction-site-1030x541-1-1024x538.png 1024w, https:\/\/parsus.com.br\/wp-content\/uploads\/2023\/11\/construction-site-1030x541-1-768x403.png 768w, https:\/\/parsus.com.br\/wp-content\/uploads\/2023\/11\/construction-site-1030x541-1.png 1030w\" sizes=\"(max-width: 300px) 100vw, 300px\" \/><\/a>\n\t\t\t<\/div><\/figure><figure class='gallery-item'>\n\t\t\t<div class='gallery-icon landscape'>\n\t\t\t\t<a data-elementor-open-lightbox=\"yes\" data-elementor-lightbox-slideshow=\"4b311b2\" data-e-action-hash=\"#elementor-action%3Aaction%3Dlightbox%26settings%3DeyJpZCI6MzU1OSwidXJsIjoiaHR0cHM6XC9cL3BhcnN1cy5jb20uYnJcL3dwLWNvbnRlbnRcL3VwbG9hZHNcLzIwMjNcLzExXC9HV1AtQXJhY2FqdS0xMDMweDY1OC0xLmpwZyIsInNsaWRlc2hvdyI6IjRiMzExYjIifQ%3D%3D\" href='https:\/\/parsus.com.br\/wp-content\/uploads\/2023\/11\/GWP-Aracaju-1030x658-1.jpg'><img decoding=\"async\" width=\"300\" height=\"192\" src=\"https:\/\/parsus.com.br\/wp-content\/uploads\/2023\/11\/GWP-Aracaju-1030x658-1-300x192.jpg\" class=\"attachment-medium size-medium\" alt=\"\" srcset=\"https:\/\/parsus.com.br\/wp-content\/uploads\/2023\/11\/GWP-Aracaju-1030x658-1-300x192.jpg 300w, https:\/\/parsus.com.br\/wp-content\/uploads\/2023\/11\/GWP-Aracaju-1030x658-1-1024x654.jpg 1024w, https:\/\/parsus.com.br\/wp-content\/uploads\/2023\/11\/GWP-Aracaju-1030x658-1-768x491.jpg 768w, https:\/\/parsus.com.br\/wp-content\/uploads\/2023\/11\/GWP-Aracaju-1030x658-1.jpg 1030w\" sizes=\"(max-width: 300px) 100vw, 300px\" \/><\/a>\n\t\t\t<\/div><\/figure>\n\t\t<\/div>\n\t\t<\/div>\n\t\t\t\t\t\t<\/div>\n\t\t\t\t<\/div>\n\t\t\t\t<section class=\"elementor-section elementor-inner-section elementor-element elementor-element-2b36de73 elementor-section-content-top elementor-section-boxed elementor-section-height-default elementor-section-height-default\" data-id=\"2b36de73\" data-element_type=\"section\" data-e-type=\"section\">\n\t\t\t\t\t\t<div class=\"elementor-container elementor-column-gap-no\">\n\t\t\t\t\t<div class=\"elementor-column elementor-col-50 elementor-inner-column elementor-element elementor-element-20d383cf\" data-id=\"20d383cf\" data-element_type=\"column\" data-e-type=\"column\">\n\t\t\t<div class=\"elementor-widget-wrap elementor-element-populated\">\n\t\t\t\t\t\t<div class=\"elementor-element elementor-element-612a9dfd elementor-widget elementor-widget-heading\" data-id=\"612a9dfd\" data-element_type=\"widget\" data-e-type=\"widget\" data-widget_type=\"heading.default\">\n\t\t\t\t<div class=\"elementor-widget-container\">\n\t\t\t\t\t<h4 class=\"elementor-heading-title elementor-size-default\">Detalhes do Projeto<\/h4>\t\t\t\t<\/div>\n\t\t\t\t<\/div>\n\t\t\t\t<div class=\"elementor-element elementor-element-1c51f471 elementor-widget elementor-widget-text-editor\" data-id=\"1c51f471\" data-element_type=\"widget\" data-e-type=\"widget\" data-widget_type=\"text-editor.default\">\n\t\t\t\t<div class=\"elementor-widget-container\">\n\t\t\t\t\t\t\t\t\t<ul><li><section class=\"av_textblock_section \"><div class=\"avia_textblock \"><ul><li>Cliente: <a href=\"https:\/\/www.makro.com.br\/sustentabilidade\" target=\"_blank\" rel=\"noopener\">Makro Aracaju<\/a> e <a href=\"https:\/\/cte.com.br\/sustentabilidade\/\" target=\"_blank\" rel=\"noopener\">CTE<\/a><\/li><li>Localiza\u00e7\u00e3o: <span class=\"fontstyle0\">Av. Pres. Tancredo Neves, 3550 \u2013 Ponto Novo, Aracaju \u2013 SE<\/span><\/li><li>Data: Fevereiro 2018<\/li><\/ul><\/div><\/section><\/li><\/ul><p>A Parsus realizou a Avalia\u00e7\u00e3o de Ciclo de Vida (ACV) da Edifica\u00e7\u00e3o do Makro<br \/>Aracaju certificado LEED na vers\u00e3o v.4 em parceria com o CTE. A ACV foi<br \/>realizada para identificar as melhorias na constru\u00e7\u00e3o da loja e<br \/>quantificar a redu\u00e7\u00e3o de\u00a0impacto ambiental relacionado aos materiais<br \/>utilizados seguindo os requisitos LEED.<\/p><p>An\u00e1lise de Ciclo de Vida (ACV) de Edifica\u00e7\u00e3o \u00e9 uma metodologia usada<br \/>para avaliar os impactos ambientais associados as etapas da vida de um<br \/>projeto. \u00c9 uma abordagem hol\u00edstica que engloba a extra\u00e7\u00e3o da mat\u00e9ria<br \/>prima, fabrica\u00e7\u00e3o e transporte dos materiais, uso de energia e \u00e1gua,<br \/>manuten\u00e7\u00e3o, reuso, reciclagem e descarte dos materiais ao fim da vida<br \/>\u00fatil. O estudo de ACV permite identificar as potenciais \u00e1reas para<br \/>redu\u00e7\u00e3o de impacto ambiental podendo tamb\u00e9m incluir recomenda\u00e7\u00f5es de<br \/>melhoria para a equipe de projeto. A ACV de edifica\u00e7\u00e3o \u00e9 regulada pelo<br \/>padr\u00e3o internacional ISO 14044 e EN15978 e a aplica\u00e7\u00e3o na \u00e1rea de<br \/>constru\u00e7\u00e3o civil \u00e9 utilizada mundialmente para promover desenvolvimento<br \/>sustent\u00e1vel oferecendo os principais benef\u00edcios:<\/p><ul><li>Garantir que os impactos ao longo da vida \u00fatil sejam considerados<br \/>desde a fase de concep\u00e7\u00e3o e prover informa\u00e7\u00f5es para o desenvolvimento do<br \/>projeto;<\/li><li>Garantir que a an\u00e1lise inclua toda a edifica\u00e7\u00e3o durante toda a vida \u00fatil (cradle-to-cradle);<\/li><li>Otimizar o desempenho durante todos os est\u00e1gios de vida do projeto,<br \/>desde que melhorar uma \u00e1rea espec\u00edfica n\u00e3o cause detrimento no<br \/>desempenho do projeto como um todo;<\/li><li>Considerar m\u00faltiplos indicadores de impacto e prevenir a transfer\u00eancia de impacto de uma \u00e1rea de projeto para a outra;<\/li><li>Garantir que a an\u00e1lise seja feita de acordo com as normas t\u00e9cnicas<br \/>que regem o uso da metodologia de ACV para que os estudos sejam<br \/>compar\u00e1veis e acess\u00edveis para interpreta\u00e7\u00e3o.<\/li><\/ul><p><strong>Premissas da ACV LEED<\/strong><\/p><p>O cr\u00e9dito LEED para ACV de Edifica\u00e7\u00e3o \u00e9 focado em produtos e materiais e n\u00e3o considera os impactos e benef\u00edcios associados a fase operacional (B6 energia e B7 \u00e1gua) ou as cargas e benef\u00edcios al\u00e9m da fronteira do sistema (m\u00f3dulo D). A eTool recomenda que a ACV de futuros projetos seja realizada tamb\u00e9m para atender integralmente os requisitos da norma europeia EN15978 incluindo todos os m\u00f3dulos de ciclo de vida (A1-A5, B1-B7, C1-C4 e D1-D5) e abordando o desempenho da edifica\u00e7\u00e3o como um todo.<\/p><p><strong>Software e Invent\u00e1rio de ACV<\/strong><\/p><p>O software utilizado para o estudo \u00e9 o eToolLCD da empresa eTool. O eToolLCD atende as normas ISO 14044 e EN 15978 e produz resultados para os indicadores de impactos requeridos. A base de dados do software (invent\u00e1rio) \u00e9 o North American V13 Life Cycle Strategies\/EcoInvent o qual atende a norma ISO14044. O m\u00e9todo de caracteriza\u00e7\u00e3o dos indicadores de impacto \u00e9 CML IA Baseline V4.5 (Institute of Environmental Science).<\/p><p><strong>Fun\u00e7\u00e3o Equivalente<\/strong><\/p><p>O projeto Refer\u00eancia (Baseline) e o projeto Final possuem a mesma fun\u00e7\u00e3o \u00e1rea em m\u00b2, a mesma \u00e1rea e orienta\u00e7\u00e3o. Os resultados est\u00e3o caracterizados por metro quadrado para um per\u00edodo de 60 anos, considerando \u00e1rea total de\u00a07420.88 m\u00b2.<\/p><p><strong>Vida \u00datil<\/strong><\/p><p>A ACV considera vida \u00fatil de 60 anos e permite que os impactos relacionados a manuten\u00e7\u00e3o, troca e uso operacional sejam considerados adequadamente.<\/p><p><strong>Principais objetivos da ACV<\/strong><\/p><ul><li>Quantificar as principais estrat\u00e9gias de melhoria implementadas no projeto e identificar a contribui\u00e7\u00e3o de cada uma no aumento de desempenho ambiental do projeto como um todo<\/li><li>Criar dados de refer\u00eancia para ACV de edif\u00edcios no Brasil<\/li><li>Criar um estudo de caso para promover o uso da metodologia no Brasil e na certifica\u00e7\u00e3o LEED<\/li><li>Apresentar para o setor da constru\u00e7\u00e3o que ACV \u00e9 uma pr\u00e1tica vi\u00e1vel e amplamente utilizada internacionalmente para promover desenvolvimento sustent\u00e1vel.<\/li><\/ul><p><strong>ACV incluindo tamb\u00e9m os impactos de opera\u00e7\u00e3o (Whole Life Carbon)<\/strong><\/p><p>A ACV do projeto realizado incluiu os impactos incorporados dos materiais da funda\u00e7\u00e3o, estrutura, envolt\u00f3ria e cobertura seguindo o escopo LEED relacionados a fase de constru\u00e7\u00e3o, manuten\u00e7\u00e3o e fim de vida que neste caso acabam sendo os maiores impactos.<\/p><p>Al\u00e9m disso achamos necess\u00e1rio incluir tamb\u00e9m neste estudo a ACV Integrada para quantificar os impactos relacionados ao consumo de energia, fornecimento e tratamento de \u00e1gua conforme orienta a norma de ACV, a EN 159781, com todos o est\u00e1gios de ciclo de vida (A1-A5, B1-B7, C1-C4 e D1-D5).<\/p><p>Nesse caso o impacto de energia foi maior seguido por materiais, que consequentemente s\u00e3o maiores os impactos tendo uma an\u00e1lise hol\u00edstica do projeto todo, conforme figura abaixo (Impact Summary)<\/p>\t\t\t\t\t\t\t\t<\/div>\n\t\t\t\t<\/div>\n\t\t\t\t\t<\/div>\n\t\t<\/div>\n\t\t\t\t<div class=\"elementor-column elementor-col-50 elementor-inner-column elementor-element elementor-element-2f74e4a7\" data-id=\"2f74e4a7\" data-element_type=\"column\" data-e-type=\"column\">\n\t\t\t<div class=\"elementor-widget-wrap elementor-element-populated\">\n\t\t\t\t\t\t<div class=\"elementor-element elementor-element-51c357c elementor-widget elementor-widget-heading\" data-id=\"51c357c\" data-element_type=\"widget\" data-e-type=\"widget\" data-widget_type=\"heading.default\">\n\t\t\t\t<div class=\"elementor-widget-container\">\n\t\t\t\t\t<h4 class=\"elementor-heading-title elementor-size-default\">Resultados ACV<\/h4>\t\t\t\t<\/div>\n\t\t\t\t<\/div>\n\t\t\t\t<div class=\"elementor-element elementor-element-5d18ca6 elementor-widget elementor-widget-html\" data-id=\"5d18ca6\" data-element_type=\"widget\" data-e-type=\"widget\" data-widget_type=\"html.default\">\n\t\t\t\t<div class=\"elementor-widget-container\">\n\t\t\t\t\t<table style=\"height: 302px;\" width=\"773\">\n<tbody>\n<tr>\n<td style=\"text-align: center;\" width=\"307\">Impacto por\u00a0m\u00b2\n(unidade de medida)<\/td>\n<td style=\"text-align: center;\" width=\"160\">Projeto\u00a0Realizado<\/td>\n<td style=\"text-align: center;\" width=\"382\">% de redu\u00e7\u00e3o\ncomparado ao Baseline<\/td>\n<\/tr>\n<tr>\n<td style=\"text-align: center;\" width=\"307\">Potencial de Aquecimento Global\n(kgCO2e)<\/td>\n<td style=\"text-align: center;\" width=\"160\">302,56<\/td>\n<td style=\"text-align: center;\" width=\"382\">14%<\/td>\n<\/tr>\n<tr>\n<td style=\"text-align: center;\" width=\"307\">Deple\u00e7\u00e3o da Camada de Oz\u00f4nio\n(mgCFC-11)<\/td>\n<td style=\"text-align: center;\" width=\"160\">7,51<\/td>\n<td style=\"text-align: center;\" width=\"382\">30%<\/td>\n<\/tr>\n<tr>\n<td style=\"text-align: center;\" width=\"307\">Acidifica\u00e7\u00e3o da terra e fontes de \u00e1gua\n(kgSO2e)<\/td>\n<td style=\"text-align: center;\" width=\"160\">1,43<\/td>\n<td style=\"text-align: center;\" width=\"382\">15%<\/td>\n<\/tr>\n<tr>\n<td style=\"text-align: center;\" width=\"307\">Eutrofiza\u00e7\u00e3o\n(kg PO4 eq)<\/td>\n<td style=\"text-align: center;\" width=\"160\">0,31<\/td>\n<td style=\"text-align: center;\" width=\"382\">15%<\/td>\n<\/tr>\n<\/tbody>\n<\/table>\t\t\t\t<\/div>\n\t\t\t\t<\/div>\n\t\t\t\t<div class=\"elementor-element elementor-element-7b1ed59 elementor-widget__width-initial elementor-widget elementor-widget-text-editor\" data-id=\"7b1ed59\" data-element_type=\"widget\" data-e-type=\"widget\" data-widget_type=\"text-editor.default\">\n\t\t\t\t<div class=\"elementor-widget-container\">\n\t\t\t\t\t\t\t\t\t<p>As principais melhorias do projeto que resultaram na redu\u00e7\u00e3o de impacto dos materiais foram:<\/p><ul><li>Estudo de resist\u00eancia do solo in loco e simula\u00e7\u00f5es computacionais para a otimiza\u00e7\u00e3o do dimensionamento das estacas;<\/li><li>Reutiliza\u00e7\u00e3o do piso existente em uma \u00e1rea de 4.993 m\u00b2, reduzindo consumo de materiais e maquin\u00e1rios associados para criar a via de acesso para entrada e sa\u00edda de caminh\u00f5es, principalmente no per\u00edodo de chuvas pesadas;<\/li><li>Otimiza\u00e7\u00e3o dos pilares de concreto pr\u00e9-fabricado, reduzindo o consumo de concreto e a\u00e7o de refor\u00e7o.<\/li><\/ul>\t\t\t\t\t\t\t\t<\/div>\n\t\t\t\t<\/div>\n\t\t\t\t\t<\/div>\n\t\t<\/div>\n\t\t\t\t\t<\/div>\n\t\t<\/section>\n\t\t\t\t\t<\/div>\n\t\t<\/div>\n\t\t\t\t\t<\/div>\n\t\t<\/section>\n\t\t\t\t<\/div>\n\t\t","protected":false},"excerpt":{"rendered":"<p>Makro Aracaju SE \u2013 LEED Detalhes do Projeto Cliente: Makro Aracaju e CTE Localiza\u00e7\u00e3o: Av. Pres. Tancredo Neves, 3550 \u2013 Ponto Novo, Aracaju \u2013 SE Data: Fevereiro 2018 A Parsus realizou a Avalia\u00e7\u00e3o de Ciclo de Vida (ACV) da Edifica\u00e7\u00e3o do MakroAracaju certificado LEED na vers\u00e3o v.4 em parceria com o CTE. A ACV foirealizada &hellip;<\/p>\n<p class=\"read-more\"> <a class=\"\" href=\"https:\/\/parsus.com.br\/index.php\/projetos\/makro-aracaju-se-leed\/\"> <span class=\"screen-reader-text\">Makro Aracaju SE \u2013 LEED<\/span> Read More &raquo;<\/a><\/p>\n","protected":false},"author":8,"featured_media":2679,"parent":1552,"menu_order":0,"comment_status":"closed","ping_status":"closed","template":"","meta":{"_uag_custom_page_level_css":"","site-sidebar-layout":"no-sidebar","site-content-layout":"page-builder","ast-site-content-layout":"full-width-container","site-content-style":"default","site-sidebar-style":"default","ast-global-header-display":"","ast-banner-title-visibility":"","ast-main-header-display":"","ast-hfb-above-header-display":"","ast-hfb-below-header-display":"","ast-hfb-mobile-header-display":"","site-post-title":"disabled","ast-breadcrumbs-content":"","ast-featured-img":"disabled","footer-sml-layout":"","theme-transparent-header-meta":"","adv-header-id-meta":"","stick-header-meta":"","header-above-stick-meta":"","header-main-stick-meta":"","header-below-stick-meta":"","astra-migrate-meta-layouts":"set","footnotes":""},"class_list":["post-3557","page","type-page","status-publish","has-post-thumbnail","hentry"],"uagb_featured_image_src":{"full":["https:\/\/parsus.com.br\/wp-content\/uploads\/2023\/09\/Cerclos-Projetos-ISI-02.webp",800,600,false],"thumbnail":["https:\/\/parsus.com.br\/wp-content\/uploads\/2023\/09\/Cerclos-Projetos-ISI-02-150x150.webp",150,150,true],"medium":["https:\/\/parsus.com.br\/wp-content\/uploads\/2023\/09\/Cerclos-Projetos-ISI-02-300x225.webp",300,225,true],"medium_large":["https:\/\/parsus.com.br\/wp-content\/uploads\/2023\/09\/Cerclos-Projetos-ISI-02-768x576.webp",768,576,true],"large":["https:\/\/parsus.com.br\/wp-content\/uploads\/2023\/09\/Cerclos-Projetos-ISI-02.webp",800,600,false],"1536x1536":["https:\/\/parsus.com.br\/wp-content\/uploads\/2023\/09\/Cerclos-Projetos-ISI-02.webp",800,600,false],"2048x2048":["https:\/\/parsus.com.br\/wp-content\/uploads\/2023\/09\/Cerclos-Projetos-ISI-02.webp",800,600,false]},"uagb_author_info":{"display_name":"Henrique Mendon\u00e7a","author_link":"https:\/\/parsus.com.br\/index.php\/author\/henrique\/"},"uagb_comment_info":0,"uagb_excerpt":"Makro Aracaju SE \u2013 LEED Detalhes do Projeto Cliente: Makro Aracaju e CTE Localiza\u00e7\u00e3o: Av. Pres. Tancredo Neves, 3550 \u2013 Ponto Novo, Aracaju \u2013 SE Data: Fevereiro 2018 A Parsus realizou a Avalia\u00e7\u00e3o de Ciclo de Vida (ACV) da Edifica\u00e7\u00e3o do MakroAracaju certificado LEED na vers\u00e3o v.4 em parceria com o CTE. A ACV foirealizada&hellip;","_links":{"self":[{"href":"https:\/\/parsus.com.br\/index.php\/wp-json\/wp\/v2\/pages\/3557"}],"collection":[{"href":"https:\/\/parsus.com.br\/index.php\/wp-json\/wp\/v2\/pages"}],"about":[{"href":"https:\/\/parsus.com.br\/index.php\/wp-json\/wp\/v2\/types\/page"}],"author":[{"embeddable":true,"href":"https:\/\/parsus.com.br\/index.php\/wp-json\/wp\/v2\/users\/8"}],"replies":[{"embeddable":true,"href":"https:\/\/parsus.com.br\/index.php\/wp-json\/wp\/v2\/comments?post=3557"}],"version-history":[{"count":10,"href":"https:\/\/parsus.com.br\/index.php\/wp-json\/wp\/v2\/pages\/3557\/revisions"}],"predecessor-version":[{"id":4436,"href":"https:\/\/parsus.com.br\/index.php\/wp-json\/wp\/v2\/pages\/3557\/revisions\/4436"}],"up":[{"embeddable":true,"href":"https:\/\/parsus.com.br\/index.php\/wp-json\/wp\/v2\/pages\/1552"}],"wp:featuredmedia":[{"embeddable":true,"href":"https:\/\/parsus.com.br\/index.php\/wp-json\/wp\/v2\/media\/2679"}],"wp:attachment":[{"href":"https:\/\/parsus.com.br\/index.php\/wp-json\/wp\/v2\/media?parent=3557"}],"curies":[{"name":"wp","href":"https:\/\/api.w.org\/{rel}","templated":true}]}}