{"id":3612,"date":"2023-11-16T10:35:05","date_gmt":"2023-11-16T13:35:05","guid":{"rendered":"https:\/\/parsus.com.br\/?page_id=3612"},"modified":"2025-03-20T17:25:54","modified_gmt":"2025-03-20T20:25:54","slug":"clientes-parsus","status":"publish","type":"page","link":"https:\/\/parsus.com.br\/index.php\/projetos\/clientes-parsus\/","title":{"rendered":"Clientes Parsus"},"content":{"rendered":"\t\t<div data-elementor-type=\"wp-page\" data-elementor-id=\"3612\" class=\"elementor elementor-3612\">\n\t\t\t\t\t\t<section class=\"elementor-section elementor-top-section elementor-element elementor-element-13c8bc36 elementor-section-boxed elementor-section-height-default elementor-section-height-default\" data-id=\"13c8bc36\" data-element_type=\"section\" data-e-type=\"section\" data-settings=\"{&quot;background_background&quot;:&quot;classic&quot;}\">\n\t\t\t\t\t\t<div class=\"elementor-container elementor-column-gap-no\">\n\t\t\t\t\t<div class=\"elementor-column elementor-col-100 elementor-top-column elementor-element elementor-element-414adf99\" data-id=\"414adf99\" data-element_type=\"column\" data-e-type=\"column\">\n\t\t\t<div class=\"elementor-widget-wrap elementor-element-populated\">\n\t\t\t\t\t\t<div class=\"elementor-element elementor-element-2af49965 elementor-widget elementor-widget-image\" data-id=\"2af49965\" data-element_type=\"widget\" data-e-type=\"widget\" data-widget_type=\"image.default\">\n\t\t\t\t<div class=\"elementor-widget-container\">\n\t\t\t\t\t\t\t\t\t\t\t\t\t\t\t<img fetchpriority=\"high\" decoding=\"async\" width=\"768\" height=\"432\" src=\"https:\/\/parsus.com.br\/wp-content\/uploads\/2025\/03\/Clientes-Parsus-1-768x432.jpg\" class=\"attachment-medium_large size-medium_large wp-image-6956\" alt=\"\" srcset=\"https:\/\/parsus.com.br\/wp-content\/uploads\/2025\/03\/Clientes-Parsus-1-768x432.jpg 768w, https:\/\/parsus.com.br\/wp-content\/uploads\/2025\/03\/Clientes-Parsus-1-300x169.jpg 300w, https:\/\/parsus.com.br\/wp-content\/uploads\/2025\/03\/Clientes-Parsus-1-1024x576.jpg 1024w, https:\/\/parsus.com.br\/wp-content\/uploads\/2025\/03\/Clientes-Parsus-1-1536x864.jpg 1536w, https:\/\/parsus.com.br\/wp-content\/uploads\/2025\/03\/Clientes-Parsus-1.jpg 1920w\" sizes=\"(max-width: 768px) 100vw, 768px\" \/>\t\t\t\t\t\t\t\t\t\t\t\t\t\t\t<\/div>\n\t\t\t\t<\/div>\n\t\t\t\t<div class=\"elementor-element elementor-element-76dbecd5 elementor-widget elementor-widget-heading\" data-id=\"76dbecd5\" data-element_type=\"widget\" data-e-type=\"widget\" data-widget_type=\"heading.default\">\n\t\t\t\t<div class=\"elementor-widget-container\">\n\t\t\t\t\t<h3 class=\"elementor-heading-title elementor-size-default\">Clientes Parsus<\/h3>\t\t\t\t<\/div>\n\t\t\t\t<\/div>\n\t\t\t\t<div class=\"elementor-element elementor-element-1287b598 elementor-widget elementor-widget-text-editor\" data-id=\"1287b598\" data-element_type=\"widget\" data-e-type=\"widget\" data-widget_type=\"text-editor.default\">\n\t\t\t\t<div class=\"elementor-widget-container\">\n\t\t\t\t\t\t\t\t\t<p><span style=\"color: #ffffff;\"><span style=\"vertical-align: inherit;\"><span style=\"vertical-align: inherit;\">29\/07\/2021 \/ Artigo escrito por Caio Alencar<\/span><\/span><\/span><\/p>\t\t\t\t\t\t\t\t<\/div>\n\t\t\t\t<\/div>\n\t\t\t\t<div class=\"elementor-element elementor-element-e5e2316 elementor-widget elementor-widget-text-editor\" data-id=\"e5e2316\" data-element_type=\"widget\" data-e-type=\"widget\" data-widget_type=\"text-editor.default\">\n\t\t\t\t<div class=\"elementor-widget-container\">\n\t\t\t\t\t\t\t\t\t<p><span style=\"color: #ffffff;\"><span style=\"font-weight: 400;\"><span style=\"vertical-align: inherit;\"><span style=\"vertical-align: inherit;\">A Avalia\u00e7\u00e3o de Ciclo de Vida (ACV) utiliza m\u00e9todo cient\u00edfico para quantificar os impactos de um projeto, seja edifica\u00e7\u00e3o ou infraestrutura, seguindo os requisitos t\u00e9cnicos conforme a norma internacional <\/span><\/span><\/span><span style=\"font-weight: 400;\"><span style=\"vertical-align: inherit;\"><span style=\"vertical-align: inherit;\">EN 15978 <\/span><\/span><\/span><span style=\"font-weight: 400;\"><span style=\"vertical-align: inherit;\"><span style=\"vertical-align: inherit;\">. ACV \u00e9 utilizado como ferramenta de projeto para ajudar a equipe a reduzir os impactos ambientais ao identificar \u00e1reas de maior impacto e priorizar estrat\u00e9gias de melhoria que apresentem melhor rela\u00e7\u00e3o de custo versus desempenho ambiental.&nbsp;<\/span><\/span><\/span><\/span><\/p>\n<p><span style=\"font-weight: 400; color: #ffffff;\"><span style=\"vertical-align: inherit;\"><span style=\"vertical-align: inherit;\">Com o uso da ACV existe a possibilidade de atendimento ao cr\u00e9dito para certifica\u00e7\u00f5es LEED, AQUA, entre outras, assim como aux\u00edlio na elabora\u00e7\u00e3o de invent\u00e1rio de emiss\u00f5es de gases causadores do efeito estufa (GEE) e relat\u00f3rios de Sustentabilidade e Rela\u00e7\u00e3o com Investidores (GRI, T\u00edtulos Verdes e GRESB).<\/span><\/span><\/span><\/p>\n<p><span style=\"font-weight: 400; color: #ffffff;\"><span style=\"vertical-align: inherit;\"><span style=\"vertical-align: inherit;\">A Cerclos j\u00e1 completou mais de 100 ACV&#8217;s de Edifica\u00e7\u00f5es e Infraestrutura desde 2017. O software eTool e os servi\u00e7os de consultoria seguem as normas internacionais ISO 14044 e EN 15978.<\/span><\/span><\/span><\/p>\n<p><span style=\"font-weight: 400; color: #ffffff;\"><span style=\"vertical-align: inherit;\"><span style=\"vertical-align: inherit;\">Aqui no Brasil a principal aplica\u00e7\u00e3o dos servi\u00e7os e uso do ACV \u00e9 para a certifica\u00e7\u00e3o LEED. Alguns clientes j\u00e1 utilizam tamb\u00e9m como ferramenta de projeto integrado. Devido \u00e0 urg\u00eancia em mitigar a crise clim\u00e1tica, existe uma tend\u00eancia crescente para regulamenta\u00e7\u00e3o de emiss\u00f5es de carbono no setor da constru\u00e7\u00e3o, como acontece em outros pa\u00edses onde os Cercos atuam. Certamente as equipes de projeto no Brasil que est\u00e3o adotando ACV como parte do processo de elabora\u00e7\u00e3o de projeto est\u00e3o saindo na frente do mercado, criando um diferencial competitivo, demonstrando inova\u00e7\u00e3o e responsabilidade ambiental.&nbsp;<\/span><\/span><\/span><\/p>\n<p><span style=\"font-weight: 400;\"><span style=\"color: #ffffff;\"><span style=\"vertical-align: inherit;\"><span style=\"vertical-align: inherit;\">Agradecemos aos nossos clientes e parceiros que est\u00e3o contribuindo com o crescimento do uso de Avalia\u00e7\u00e3o de Ciclo de Vida no setor de constru\u00e7\u00e3o no Brasil.<\/span><\/span><\/span><br><\/span><\/p>\t\t\t\t\t\t\t\t<\/div>\n\t\t\t\t<\/div>\n\t\t\t\t<section class=\"elementor-section elementor-inner-section elementor-element elementor-element-212c157a elementor-section-boxed elementor-section-height-default elementor-section-height-default\" data-id=\"212c157a\" data-element_type=\"section\" data-e-type=\"section\">\n\t\t\t\t\t\t<div class=\"elementor-container elementor-column-gap-default\">\n\t\t\t\t\t<div class=\"elementor-column elementor-col-50 elementor-inner-column elementor-element elementor-element-379a3cbb\" data-id=\"379a3cbb\" data-element_type=\"column\" data-e-type=\"column\">\n\t\t\t<div class=\"elementor-widget-wrap\">\n\t\t\t\t\t\t\t<\/div>\n\t\t<\/div>\n\t\t\t\t<div class=\"elementor-column elementor-col-50 elementor-inner-column elementor-element elementor-element-d7380d0\" data-id=\"d7380d0\" data-element_type=\"column\" data-e-type=\"column\">\n\t\t\t<div class=\"elementor-widget-wrap\">\n\t\t\t\t\t\t\t<\/div>\n\t\t<\/div>\n\t\t\t\t\t<\/div>\n\t\t<\/section>\n\t\t\t\t\t<\/div>\n\t\t<\/div>\n\t\t\t\t\t<\/div>\n\t\t<\/section>\n\t\t\t\t<\/div>\n\t\t","protected":false},"excerpt":{"rendered":"<p>Clientes Parsus 29\/07\/2021 \/ Artigo escrito por Caio Alencar A Avalia\u00e7\u00e3o de Ciclo de Vida (ACV) utiliza m\u00e9todo cient\u00edfico para quantificar os impactos de um projeto, seja edifica\u00e7\u00e3o ou infraestrutura, seguindo os requisitos t\u00e9cnicos conforme a norma internacional EN 15978 . ACV \u00e9 utilizado como ferramenta de projeto para ajudar a equipe a reduzir os &hellip;<\/p>\n<p class=\"read-more\"> <a class=\"\" href=\"https:\/\/parsus.com.br\/index.php\/projetos\/clientes-parsus\/\"> <span class=\"screen-reader-text\">Clientes Parsus<\/span> Read More &raquo;<\/a><\/p>\n","protected":false},"author":8,"featured_media":0,"parent":1552,"menu_order":0,"comment_status":"open","ping_status":"closed","template":"","meta":{"_uag_custom_page_level_css":"","site-sidebar-layout":"no-sidebar","site-content-layout":"page-builder","ast-site-content-layout":"full-width-container","site-content-style":"default","site-sidebar-style":"default","ast-global-header-display":"","ast-banner-title-visibility":"","ast-main-header-display":"","ast-hfb-above-header-display":"","ast-hfb-below-header-display":"","ast-hfb-mobile-header-display":"","site-post-title":"disabled","ast-breadcrumbs-content":"","ast-featured-img":"disabled","footer-sml-layout":"","theme-transparent-header-meta":"","adv-header-id-meta":"","stick-header-meta":"","header-above-stick-meta":"","header-main-stick-meta":"","header-below-stick-meta":"","astra-migrate-meta-layouts":"set","footnotes":""},"class_list":["post-3612","page","type-page","status-publish","hentry"],"uagb_featured_image_src":{"full":false,"thumbnail":false,"medium":false,"medium_large":false,"large":false,"1536x1536":false,"2048x2048":false},"uagb_author_info":{"display_name":"Henrique Mendon\u00e7a","author_link":"https:\/\/parsus.com.br\/index.php\/author\/henrique\/"},"uagb_comment_info":0,"uagb_excerpt":"Clientes Parsus 29\/07\/2021 \/ Artigo escrito por Caio Alencar A Avalia\u00e7\u00e3o de Ciclo de Vida (ACV) utiliza m\u00e9todo cient\u00edfico para quantificar os impactos de um projeto, seja edifica\u00e7\u00e3o ou infraestrutura, seguindo os requisitos t\u00e9cnicos conforme a norma internacional EN 15978 . ACV \u00e9 utilizado como ferramenta de projeto para ajudar a equipe a reduzir os&hellip;","_links":{"self":[{"href":"https:\/\/parsus.com.br\/index.php\/wp-json\/wp\/v2\/pages\/3612"}],"collection":[{"href":"https:\/\/parsus.com.br\/index.php\/wp-json\/wp\/v2\/pages"}],"about":[{"href":"https:\/\/parsus.com.br\/index.php\/wp-json\/wp\/v2\/types\/page"}],"author":[{"embeddable":true,"href":"https:\/\/parsus.com.br\/index.php\/wp-json\/wp\/v2\/users\/8"}],"replies":[{"embeddable":true,"href":"https:\/\/parsus.com.br\/index.php\/wp-json\/wp\/v2\/comments?post=3612"}],"version-history":[{"count":19,"href":"https:\/\/parsus.com.br\/index.php\/wp-json\/wp\/v2\/pages\/3612\/revisions"}],"predecessor-version":[{"id":6964,"href":"https:\/\/parsus.com.br\/index.php\/wp-json\/wp\/v2\/pages\/3612\/revisions\/6964"}],"up":[{"embeddable":true,"href":"https:\/\/parsus.com.br\/index.php\/wp-json\/wp\/v2\/pages\/1552"}],"wp:attachment":[{"href":"https:\/\/parsus.com.br\/index.php\/wp-json\/wp\/v2\/media?parent=3612"}],"curies":[{"name":"wp","href":"https:\/\/api.w.org\/{rel}","templated":true}]}}