{"id":4356,"date":"2024-01-25T12:37:33","date_gmt":"2024-01-25T15:37:33","guid":{"rendered":"https:\/\/parsus.com.br\/?page_id=4356"},"modified":"2025-01-29T15:37:50","modified_gmt":"2025-01-29T18:37:50","slug":"base-de-dados-etool","status":"publish","type":"page","link":"https:\/\/parsus.com.br\/index.php\/blog\/base-de-dados-etool\/","title":{"rendered":"Base de dados eTool"},"content":{"rendered":"\t\t<div data-elementor-type=\"wp-page\" data-elementor-id=\"4356\" class=\"elementor elementor-4356\">\n\t\t\t\t\t\t<section class=\"elementor-section elementor-top-section elementor-element elementor-element-13c8bc36 elementor-section-boxed elementor-section-height-default elementor-section-height-default\" data-id=\"13c8bc36\" data-element_type=\"section\" data-e-type=\"section\" data-settings=\"{&quot;background_background&quot;:&quot;classic&quot;}\">\n\t\t\t\t\t\t<div class=\"elementor-container elementor-column-gap-no\">\n\t\t\t\t\t<div class=\"elementor-column elementor-col-100 elementor-top-column elementor-element elementor-element-414adf99\" data-id=\"414adf99\" data-element_type=\"column\" data-e-type=\"column\">\n\t\t\t<div class=\"elementor-widget-wrap elementor-element-populated\">\n\t\t\t\t\t\t<div class=\"elementor-element elementor-element-2af49965 elementor-widget elementor-widget-image\" data-id=\"2af49965\" data-element_type=\"widget\" data-e-type=\"widget\" data-widget_type=\"image.default\">\n\t\t\t\t<div class=\"elementor-widget-container\">\n\t\t\t\t\t\t\t\t\t\t\t\t\t\t\t<img fetchpriority=\"high\" decoding=\"async\" width=\"567\" height=\"423\" src=\"https:\/\/parsus.com.br\/wp-content\/uploads\/2023\/12\/Dataset-icons-567x423-1.jpg\" class=\"attachment-medium_large size-medium_large wp-image-4019\" alt=\"\" srcset=\"https:\/\/parsus.com.br\/wp-content\/uploads\/2023\/12\/Dataset-icons-567x423-1.jpg 567w, https:\/\/parsus.com.br\/wp-content\/uploads\/2023\/12\/Dataset-icons-567x423-1-300x224.jpg 300w\" sizes=\"(max-width: 567px) 100vw, 567px\" \/>\t\t\t\t\t\t\t\t\t\t\t\t\t\t\t<\/div>\n\t\t\t\t<\/div>\n\t\t\t\t<div class=\"elementor-element elementor-element-76dbecd5 elementor-widget elementor-widget-heading\" data-id=\"76dbecd5\" data-element_type=\"widget\" data-e-type=\"widget\" data-widget_type=\"heading.default\">\n\t\t\t\t<div class=\"elementor-widget-container\">\n\t\t\t\t\t<h3 class=\"elementor-heading-title elementor-size-default\">Base de dados eTool<\/h3>\t\t\t\t<\/div>\n\t\t\t\t<\/div>\n\t\t\t\t<div class=\"elementor-element elementor-element-1287b598 elementor-widget elementor-widget-text-editor\" data-id=\"1287b598\" data-element_type=\"widget\" data-e-type=\"widget\" data-widget_type=\"text-editor.default\">\n\t\t\t\t<div class=\"elementor-widget-container\">\n\t\t\t\t\t\t\t\t\t<p><span style=\"color: #ffffff;\"><time><span style=\"vertical-align: inherit;\"><span style=\"vertical-align: inherit;\">05\/05\/2021<\/span><\/span><\/time><span style=\"vertical-align: inherit;\"><span style=\"vertical-align: inherit;\">\/ Artigo escrito por Henrique Mendon\u00e7a<\/span><\/span><\/span><\/p>\t\t\t\t\t\t\t\t<\/div>\n\t\t\t\t<\/div>\n\t\t\t\t<div class=\"elementor-element elementor-element-e5e2316 elementor-widget elementor-widget-text-editor\" data-id=\"e5e2316\" data-element_type=\"widget\" data-e-type=\"widget\" data-widget_type=\"text-editor.default\">\n\t\t\t\t<div class=\"elementor-widget-container\">\n\t\t\t\t\t\t\t\t\t<div class=\"entry-content\"><p><span style=\"font-weight: 400; color: #ffffff;\"><span style=\"vertical-align: inherit;\"><span style=\"vertical-align: inherit;\"><span style=\"vertical-align: inherit;\"><span style=\"vertical-align: inherit;\">A estrutura do software eTool permite utilizar diversas bases de dados. Nosso banco de dados padr\u00e3o \u00e9 o ecoinvent, que est\u00e1 bem documentado e revisado, mas outras fontes de invent\u00e1rio de ciclo de vida ou declara\u00e7\u00e3o ambiental de produto tamb\u00e9m podem ser usadas. Tamb\u00e9m temos uma base de dados BRE IMPACT na plataforma. O que n\u00e3o permitimos que os usu\u00e1rios fa\u00e7am \u00e9 alterar as fontes de dados no mesmo projeto pelo simples motivo de que isso leva a decis\u00f5es de design insatisfat\u00f3rias devido a diferen\u00e7as geogr\u00e1ficas, metodol\u00f3gicas e de escopo.<\/span><\/span><\/span><\/span><\/span><\/p><p><span style=\"font-weight: 400; color: #ffffff;\"><span style=\"vertical-align: inherit;\"><span style=\"vertical-align: inherit;\"><span style=\"vertical-align: inherit;\"><span style=\"vertical-align: inherit;\">O invent\u00e1rio de ciclo de vida eTool consiste em processos de materiais (&gt;200), equipamentos e maquin\u00e1rios, diversos modos de transporte, matrizes regionalizadas de energia (eletricidade, g\u00e1s, outras fontes), matrizes regionalizadas de fornecimento e tratamento de \u00e1gua.<\/span><\/span><\/span><\/span><\/span><\/p><p><span style=\"font-weight: 400; color: #ffffff;\"><span style=\"vertical-align: inherit;\"><span style=\"vertical-align: inherit;\"><span style=\"vertical-align: inherit;\"><span style=\"vertical-align: inherit;\">A base de dados que utilizamos para desenvolver os projetos de ACV no Brasil \u00e9 proveniente do ecoinvent 3.6 (EN15804 +A2) e regionalizada para Am\u00e9rica do Norte. Os dados brasileiros dispon\u00edveis no ecoinvent s\u00e3o limitados e n\u00e3o permitem o ACV de um projeto como realizar um todo. Os processos de materiais dispon\u00edveis incluem cimento, concreto, bloco de concreto, res\u00edduos em madeira, entre outros. \u00c0 medida que uma quantidade maior de processos se tornarem dispon\u00edveis para o Brasil, o eTool tem interesse de inser\u00e7\u00e3o de uma base de dados brasileira no software eTool.<\/span><\/span><\/span><\/span><\/span><\/p><p><span style=\"font-weight: 400; color: #ffffff;\"><span style=\"vertical-align: inherit;\"><span style=\"vertical-align: inherit;\"><span style=\"vertical-align: inherit;\"><span style=\"vertical-align: inherit;\">O estudo de ACV inclui an\u00e1lise de sensibilidade para verificar se os resultados condizem com a localiza\u00e7\u00e3o do projeto. Estas an\u00e1lises incluem por exemplo compara\u00e7\u00e3o com produtos que possuem Declara\u00e7\u00e3o Ambiental de Produto (DAP) ou outras refer\u00eancias acad\u00eamicas como grupos t\u00e9cnicos de pesquisa e publica\u00e7\u00f5es nacionais e internacionais.<\/span><\/span><\/span><\/span><\/span><\/p><p><span style=\"font-weight: 400; color: #ffffff;\"><span style=\"vertical-align: inherit;\"><span style=\"vertical-align: inherit;\"><span style=\"vertical-align: inherit;\"><span style=\"vertical-align: inherit;\">Enquanto a base de dados para o Brasil ainda est\u00e1 em desenvolvimento, conseguir executar os estudos de ACV e gerar resultados dos impactos aproximados e modelar sugest\u00f5es de melhorias para os projetos utilizando refer\u00eancias internacionais. A margem de diferen\u00e7a \u00e9 pouco representativa e n\u00e3o altera os resultados finais nas compara\u00e7\u00f5es de invent\u00e1rio j\u00e1 realizadas pelo eTool. As dicas s\u00e3o que muitas vezes h\u00e1 oportunidades tang\u00edveis para grande redu\u00e7\u00e3o de impacto ambiental a curto prazo e a pr\u00e1tica de ACV ajuda a identificar as principais \u00e1reas de investimento e melhoria.\u00a0<\/span><\/span><\/span><\/span><\/span><\/p><p><span style=\"font-weight: 400; color: #ffffff;\"><span style=\"vertical-align: inherit;\"><span style=\"vertical-align: inherit;\"><span style=\"vertical-align: inherit;\"><span style=\"vertical-align: inherit;\">O Brasil possui um programa para desenvolvimento da base de dados nacionais. O Banco Nacional de Invent\u00e1rios do Ciclo de Vida \u2013 SICV \u00e9 um banco de dados criado para abrigar Invent\u00e1rios do Ciclo de Vida (ICVs). Mais detalhes em <\/span><\/span><\/span><\/span><\/span><a href=\"https:\/\/acv.ibict.br\/banco-nacional\/\"><span style=\"font-weight: 400;\"><span style=\"vertical-align: inherit;\"><span style=\"vertical-align: inherit;\"><span style=\"vertical-align: inherit;\"><span style=\"vertical-align: inherit;\">SICV Brasil<\/span><\/span><\/span><\/span><\/span><\/a><\/p><p><span style=\"font-weight: 400; color: #ffffff;\"><span style=\"vertical-align: inherit;\"><span style=\"vertical-align: inherit;\"><span style=\"vertical-align: inherit;\"><span style=\"vertical-align: inherit;\">Existem tamb\u00e9m programas acad\u00eamicos para desenvolvimento de invent\u00e1rio de materiais e outros programas de governo em colabora\u00e7\u00e3o com ag\u00eancias internacionais como a ferramenta <\/span><\/span><\/span><\/span><\/span><a href=\"https:\/\/cecarbon.com.br\/\" target=\"_blank\" rel=\"noopener\"><span style=\"font-weight: 400;\"><span style=\"vertical-align: inherit;\"><span style=\"vertical-align: inherit;\"><span style=\"vertical-align: inherit;\"><span style=\"vertical-align: inherit;\">CE Carbon<\/span><\/span><\/span><\/span><\/span><\/a><span style=\"font-weight: 400; color: #ffffff;\"><span style=\"vertical-align: inherit;\"><span style=\"vertical-align: inherit;\"><span style=\"vertical-align: inherit;\"><span style=\"vertical-align: inherit;\"> e o SIDAC Sistema de Informa\u00e7\u00e3o do Desempenho Ambiental da Constru\u00e7\u00e3o.\u00a0<\/span><\/span><\/span><\/span><\/span><\/p><p><span style=\"font-weight: 400; color: #ffffff;\"><span style=\"vertical-align: inherit;\"><span style=\"vertical-align: inherit;\"><span style=\"vertical-align: inherit;\"><span style=\"vertical-align: inherit;\">O Brasil tamb\u00e9m possui um programa chamado EPD Brasil que faz parte do programa EPD International que administra e promove Declara\u00e7\u00e3o Ambiental de Produtos. Mais detalhes em <\/span><\/span><\/span><\/span><\/span><a href=\"https:\/\/www.epdbrasil.com.br\/\" target=\"_blank\" rel=\"noopener\"><span style=\"font-weight: 400;\"><span style=\"vertical-align: inherit;\"><span style=\"vertical-align: inherit;\"><span style=\"vertical-align: inherit;\"><span style=\"vertical-align: inherit;\">EPD Brasil<\/span><\/span><\/span><\/span><\/span><\/a><span style=\"font-weight: 400; color: #ffffff;\"><span style=\"vertical-align: inherit;\"><span style=\"vertical-align: inherit;\"><span style=\"vertical-align: inherit;\"><span style=\"vertical-align: inherit;\"> . A utiliza\u00e7\u00e3o de produtos que possuem declara\u00e7\u00e3o ambiental (DAP) incentiva cada vez mais o mercado a se preocupar com o meio ambiente, demonstrar transpar\u00eancia e assim complementar o banco de dados regional. Por isso a import\u00e2ncia em exigir dos fornecedores a DAP de seus produtos.<\/span><\/span><\/span><\/span><\/span><\/p><p><span style=\"font-weight: 400; color: #ffffff;\"><span style=\"vertical-align: inherit;\"><span style=\"vertical-align: inherit;\"><span style=\"vertical-align: inherit;\"><span style=\"vertical-align: inherit;\">O setor da constru\u00e7\u00e3o civil \u00e9 respons\u00e1vel por 38% do total das emiss\u00f5es globais, por isso \u00e9 importante come\u00e7ar a agir agora com as ferramentas e base de dados que est\u00e3o ao nosso alcance, realizar an\u00e1lises de sensibilidade e revis\u00e3o independente, propor estrat\u00e9gias para minimiza\u00e7\u00e3o dos impactos durante a fase inicial do projeto e garantir que estamos acompanhando outros pa\u00edses mais desenvolvidos que tratam desse assunto com alta prioridade.<\/span><\/span><\/span><\/span><\/span><\/p><p><span style=\"font-weight: 400; color: #ffffff;\"><span style=\"vertical-align: inherit;\"><span style=\"vertical-align: inherit;\"><span style=\"vertical-align: inherit;\"><span style=\"vertical-align: inherit;\">Fique ligado para novas atualiza\u00e7\u00f5es. Mais detalhes sobre o software eTool podem ser encontrados nos artigos abaixo:<\/span><\/span><\/span><\/span><\/span><\/p><p><a href=\"https:\/\/support.etoollcd.com\/index.php\/faq\/etoollcd-questions\/what-lci-data-sources-does-etoollcd-use\/\"><span style=\"font-weight: 400;\"><span style=\"vertical-align: inherit;\"><span style=\"vertical-align: inherit;\"><span style=\"vertical-align: inherit;\"><span style=\"vertical-align: inherit;\">Quais fontes de dados LCI ou eTool usa<\/span><\/span><\/span><\/span><\/span><\/a><\/p><p><a href=\"https:\/\/support.etoollcd.com\/index.php\/knowledgebase\/advantages-of-using-ecoinvent-in-comparison-with-ice-database-and-epd\/\"><span style=\"font-weight: 400;\"><span style=\"vertical-align: inherit;\"><span style=\"vertical-align: inherit;\"><span style=\"vertical-align: inherit;\"><span style=\"vertical-align: inherit;\">Vantagens de usar EcoInvent em compara\u00e7\u00e3o com o banco de dados ICE e EPD<\/span><\/span><\/span><\/span><\/span><\/a><\/p><p><a href=\"https:\/\/support.etoollcd.com\/index.php\/knowledgebase\/etoollcd-default-lci-regionalisation-methodology\/\" target=\"_blank\" rel=\"noopener\"><span style=\"font-weight: 400;\"><span style=\"vertical-align: inherit;\"><span style=\"vertical-align: inherit;\"><span style=\"vertical-align: inherit;\"><span style=\"vertical-align: inherit;\">Metodologia de regionaliza\u00e7\u00e3o LCI padr\u00e3o do eTool<\/span><\/span><\/span><\/span><\/span><\/a><\/p><p><span style=\"font-weight: 400; color: #ffffff;\"><span style=\"vertical-align: inherit;\"><span style=\"vertical-align: inherit;\"><span style=\"vertical-align: inherit;\"><span style=\"vertical-align: inherit;\">Outras refer\u00eancias internacionais sobre Invent\u00e1rio de Ciclo de Vida:<\/span><\/span><\/span><\/span><\/span><\/p><p><a href=\"https:\/\/carbonleadershipforum.org\/material-baselines\/\" target=\"_blank\" rel=\"noopener\"><span style=\"font-weight: 400;\"><span style=\"vertical-align: inherit;\"><span style=\"vertical-align: inherit;\"><span style=\"vertical-align: inherit;\"><span style=\"vertical-align: inherit;\">F\u00f3rum de Lideran\u00e7a de Carbono \u2013 Linhas de Base de Materiais<\/span><\/span><\/span><\/span><\/span><\/a><\/p><p><a class=\"broken_link\" href=\"https:\/\/wlcarbon.rics.org\/Default.aspx\" target=\"_blank\" rel=\"noopener\"><span style=\"font-weight: 400;\"><span style=\"vertical-align: inherit;\"><span style=\"vertical-align: inherit;\"><span style=\"vertical-align: inherit;\"><span style=\"vertical-align: inherit;\">Banco de Dados de Carbono de Edif\u00edcios RICS<\/span><\/span><\/span><\/span><\/span><\/a><\/p><p><a href=\"http:\/\/www.epicdatabase.com.au\/\" target=\"_blank\" rel=\"noopener\"><span style=\"font-weight: 400;\"><span style=\"vertical-align: inherit;\"><span style=\"vertical-align: inherit;\"><span style=\"vertical-align: inherit;\"><span style=\"vertical-align: inherit;\">Base de Dados de Desempenho Ambiental na Constru\u00e7\u00e3o<\/span><\/span><\/span><\/span><\/span><\/a><\/p><p><a href=\"https:\/\/www.eco-platform.org\/home.html\" target=\"_blank\" rel=\"noopener\"><span style=\"font-weight: 400;\"><span style=\"vertical-align: inherit;\"><span style=\"vertical-align: inherit;\"><span style=\"vertical-align: inherit;\"><span style=\"vertical-align: inherit;\">Plataforma Eco \u2013 Dados de produtos confi\u00e1veis<\/span><\/span><\/span><\/span><\/span><\/a><\/p><\/div>\t\t\t\t\t\t\t\t<\/div>\n\t\t\t\t<\/div>\n\t\t\t\t<section class=\"elementor-section elementor-inner-section elementor-element elementor-element-212c157a elementor-section-boxed elementor-section-height-default elementor-section-height-default\" data-id=\"212c157a\" data-element_type=\"section\" data-e-type=\"section\">\n\t\t\t\t\t\t<div class=\"elementor-container elementor-column-gap-default\">\n\t\t\t\t\t<div class=\"elementor-column elementor-col-50 elementor-inner-column elementor-element elementor-element-379a3cbb\" data-id=\"379a3cbb\" data-element_type=\"column\" data-e-type=\"column\">\n\t\t\t<div class=\"elementor-widget-wrap\">\n\t\t\t\t\t\t\t<\/div>\n\t\t<\/div>\n\t\t\t\t<div class=\"elementor-column elementor-col-50 elementor-inner-column elementor-element elementor-element-d7380d0\" data-id=\"d7380d0\" data-element_type=\"column\" data-e-type=\"column\">\n\t\t\t<div class=\"elementor-widget-wrap\">\n\t\t\t\t\t\t\t<\/div>\n\t\t<\/div>\n\t\t\t\t\t<\/div>\n\t\t<\/section>\n\t\t\t\t\t<\/div>\n\t\t<\/div>\n\t\t\t\t\t<\/div>\n\t\t<\/section>\n\t\t\t\t<\/div>\n\t\t","protected":false},"excerpt":{"rendered":"<p>Base de dados eTool 05\/05\/2021\/ Artigo escrito por Henrique Mendon\u00e7a A estrutura do software eTool permite utilizar diversas bases de dados. Nosso banco de dados padr\u00e3o \u00e9 o ecoinvent, que est\u00e1 bem documentado e revisado, mas outras fontes de invent\u00e1rio de ciclo de vida ou declara\u00e7\u00e3o ambiental de produto tamb\u00e9m podem ser usadas. Tamb\u00e9m temos &hellip;<\/p>\n<p class=\"read-more\"> <a class=\"\" href=\"https:\/\/parsus.com.br\/index.php\/blog\/base-de-dados-etool\/\"> <span class=\"screen-reader-text\">Base de dados eTool<\/span> Read More &raquo;<\/a><\/p>\n","protected":false},"author":8,"featured_media":0,"parent":2958,"menu_order":0,"comment_status":"open","ping_status":"closed","template":"","meta":{"_uag_custom_page_level_css":"","site-sidebar-layout":"no-sidebar","site-content-layout":"page-builder","ast-site-content-layout":"full-width-container","site-content-style":"default","site-sidebar-style":"default","ast-global-header-display":"","ast-banner-title-visibility":"","ast-main-header-display":"","ast-hfb-above-header-display":"","ast-hfb-below-header-display":"","ast-hfb-mobile-header-display":"","site-post-title":"disabled","ast-breadcrumbs-content":"","ast-featured-img":"disabled","footer-sml-layout":"","theme-transparent-header-meta":"","adv-header-id-meta":"","stick-header-meta":"","header-above-stick-meta":"","header-main-stick-meta":"","header-below-stick-meta":"","astra-migrate-meta-layouts":"set","footnotes":""},"class_list":["post-4356","page","type-page","status-publish","hentry"],"uagb_featured_image_src":{"full":false,"thumbnail":false,"medium":false,"medium_large":false,"large":false,"1536x1536":false,"2048x2048":false},"uagb_author_info":{"display_name":"Henrique Mendon\u00e7a","author_link":"https:\/\/parsus.com.br\/index.php\/author\/henrique\/"},"uagb_comment_info":0,"uagb_excerpt":"Base de dados eTool 05\/05\/2021\/ Artigo escrito por Henrique Mendon\u00e7a A estrutura do software eTool permite utilizar diversas bases de dados. Nosso banco de dados padr\u00e3o \u00e9 o ecoinvent, que est\u00e1 bem documentado e revisado, mas outras fontes de invent\u00e1rio de ciclo de vida ou declara\u00e7\u00e3o ambiental de produto tamb\u00e9m podem ser usadas. Tamb\u00e9m temos&hellip;","_links":{"self":[{"href":"https:\/\/parsus.com.br\/index.php\/wp-json\/wp\/v2\/pages\/4356"}],"collection":[{"href":"https:\/\/parsus.com.br\/index.php\/wp-json\/wp\/v2\/pages"}],"about":[{"href":"https:\/\/parsus.com.br\/index.php\/wp-json\/wp\/v2\/types\/page"}],"author":[{"embeddable":true,"href":"https:\/\/parsus.com.br\/index.php\/wp-json\/wp\/v2\/users\/8"}],"replies":[{"embeddable":true,"href":"https:\/\/parsus.com.br\/index.php\/wp-json\/wp\/v2\/comments?post=4356"}],"version-history":[{"count":7,"href":"https:\/\/parsus.com.br\/index.php\/wp-json\/wp\/v2\/pages\/4356\/revisions"}],"predecessor-version":[{"id":6843,"href":"https:\/\/parsus.com.br\/index.php\/wp-json\/wp\/v2\/pages\/4356\/revisions\/6843"}],"up":[{"embeddable":true,"href":"https:\/\/parsus.com.br\/index.php\/wp-json\/wp\/v2\/pages\/2958"}],"wp:attachment":[{"href":"https:\/\/parsus.com.br\/index.php\/wp-json\/wp\/v2\/media?parent=4356"}],"curies":[{"name":"wp","href":"https:\/\/api.w.org\/{rel}","templated":true}]}}