{"id":6018,"date":"2024-09-20T11:30:01","date_gmt":"2024-09-20T14:30:01","guid":{"rendered":"https:\/\/parsus.com.br\/?page_id=6018"},"modified":"2025-01-29T12:49:12","modified_gmt":"2025-01-29T15:49:12","slug":"atuacao","status":"publish","type":"page","link":"https:\/\/parsus.com.br\/index.php\/inicio\/atuacao\/","title":{"rendered":"Atua\u00e7\u00e3o"},"content":{"rendered":"\t\t<div data-elementor-type=\"wp-post\" data-elementor-id=\"6018\" class=\"elementor elementor-6018\">\n\t\t\t\t\t\t<section class=\"elementor-section elementor-top-section elementor-element elementor-element-3906703 elementor-section-boxed elementor-section-height-default elementor-section-height-default\" data-id=\"3906703\" data-element_type=\"section\" data-e-type=\"section\" data-settings=\"{&quot;background_background&quot;:&quot;classic&quot;}\">\n\t\t\t\t\t\t\t<div class=\"elementor-background-overlay\"><\/div>\n\t\t\t\t\t\t\t<div class=\"elementor-container elementor-column-gap-default\">\n\t\t\t\t\t<div class=\"elementor-column elementor-col-100 elementor-top-column elementor-element elementor-element-24c9f1f\" data-id=\"24c9f1f\" data-element_type=\"column\" data-e-type=\"column\">\n\t\t\t<div class=\"elementor-widget-wrap elementor-element-populated\">\n\t\t\t\t\t\t<div class=\"elementor-element elementor-element-a5e247a elementor-widget elementor-widget-heading\" data-id=\"a5e247a\" data-element_type=\"widget\" data-e-type=\"widget\" data-widget_type=\"heading.default\">\n\t\t\t\t<div class=\"elementor-widget-container\">\n\t\t\t\t\t<h1 class=\"elementor-heading-title elementor-size-default\">Atua\u00e7\u00e3o<\/h1>\t\t\t\t<\/div>\n\t\t\t\t<\/div>\n\t\t\t\t\t<\/div>\n\t\t<\/div>\n\t\t\t\t\t<\/div>\n\t\t<\/section>\n\t\t\t\t<section class=\"elementor-section elementor-top-section elementor-element elementor-element-34cbd81 elementor-section-boxed elementor-section-height-default elementor-section-height-default\" data-id=\"34cbd81\" data-element_type=\"section\" data-e-type=\"section\" data-settings=\"{&quot;background_background&quot;:&quot;classic&quot;}\">\n\t\t\t\t\t\t<div class=\"elementor-container elementor-column-gap-default\">\n\t\t\t\t\t<div class=\"elementor-column elementor-col-100 elementor-top-column elementor-element elementor-element-2c2b69c\" data-id=\"2c2b69c\" data-element_type=\"column\" data-e-type=\"column\">\n\t\t\t<div class=\"elementor-widget-wrap elementor-element-populated\">\n\t\t\t\t\t\t<section class=\"elementor-section elementor-inner-section elementor-element elementor-element-0749440 elementor-section-boxed elementor-section-height-default elementor-section-height-default\" data-id=\"0749440\" data-element_type=\"section\" data-e-type=\"section\">\n\t\t\t\t\t\t<div class=\"elementor-container elementor-column-gap-default\">\n\t\t\t\t\t<div class=\"elementor-column elementor-col-50 elementor-inner-column elementor-element elementor-element-ca7050c\" data-id=\"ca7050c\" data-element_type=\"column\" data-e-type=\"column\">\n\t\t\t<div class=\"elementor-widget-wrap elementor-element-populated\">\n\t\t\t\t\t\t<div class=\"elementor-element elementor-element-94d75cc elementor-widget elementor-widget-image\" data-id=\"94d75cc\" data-element_type=\"widget\" data-e-type=\"widget\" data-widget_type=\"image.default\">\n\t\t\t\t<div class=\"elementor-widget-container\">\n\t\t\t\t\t\t\t\t\t\t\t\t\t\t\t<img fetchpriority=\"high\" decoding=\"async\" width=\"300\" height=\"300\" src=\"https:\/\/parsus.com.br\/wp-content\/uploads\/2024\/12\/atuacao-site-9-300x300.png\" class=\"attachment-medium size-medium wp-image-6606\" alt=\"\" srcset=\"https:\/\/parsus.com.br\/wp-content\/uploads\/2024\/12\/atuacao-site-9-300x300.png 300w, https:\/\/parsus.com.br\/wp-content\/uploads\/2024\/12\/atuacao-site-9-1024x1024.png 1024w, https:\/\/parsus.com.br\/wp-content\/uploads\/2024\/12\/atuacao-site-9-150x150.png 150w, https:\/\/parsus.com.br\/wp-content\/uploads\/2024\/12\/atuacao-site-9-768x768.png 768w, https:\/\/parsus.com.br\/wp-content\/uploads\/2024\/12\/atuacao-site-9.png 1080w\" sizes=\"(max-width: 300px) 100vw, 300px\" \/>\t\t\t\t\t\t\t\t\t\t\t\t\t\t\t<\/div>\n\t\t\t\t<\/div>\n\t\t\t\t\t<\/div>\n\t\t<\/div>\n\t\t\t\t<div class=\"elementor-column elementor-col-50 elementor-inner-column elementor-element elementor-element-970e2c9\" data-id=\"970e2c9\" data-element_type=\"column\" data-e-type=\"column\">\n\t\t\t<div class=\"elementor-widget-wrap elementor-element-populated\">\n\t\t\t\t\t\t<div class=\"elementor-element elementor-element-6bdb658 elementor-widget elementor-widget-text-editor\" data-id=\"6bdb658\" data-element_type=\"widget\" data-e-type=\"widget\" data-widget_type=\"text-editor.default\">\n\t\t\t\t<div class=\"elementor-widget-container\">\n\t\t\t\t\t\t\t\t\t<p><span style=\"font-weight: 400;\"><span style=\"vertical-align: inherit;\"><span style=\"vertical-align: inherit;\">Os servi\u00e7os da Parsus e a utiliza\u00e7\u00e3o do software eTool atendem aos requisitos de diversas certifica\u00e7\u00f5es ambientais incluindo LEED, GBC Casa e Condom\u00ednio, AQUA, entre outras. Somos especialistas na \u00e1rea de Avalia\u00e7\u00e3o de Ciclo de Vida, Carbono Incorporado e j\u00e1 completamos mais de 60 projetos em colabora\u00e7\u00e3o com as principais consultorias em certifica\u00e7\u00e3o, construtoras e gestores de ativos de Real Estate.<\/span><\/span><\/span><\/p>\t\t\t\t\t\t\t\t<\/div>\n\t\t\t\t<\/div>\n\t\t\t\t<div class=\"elementor-element elementor-element-6e8cf2e elementor-align-left elementor-widget elementor-widget-button\" data-id=\"6e8cf2e\" data-element_type=\"widget\" data-e-type=\"widget\" data-widget_type=\"button.default\">\n\t\t\t\t<div class=\"elementor-widget-container\">\n\t\t\t\t\t\t\t\t\t<div class=\"elementor-button-wrapper\">\n\t\t\t\t\t<a class=\"elementor-button elementor-button-link elementor-size-sm\" href=\"https:\/\/parsus.com.br\/index.php\/inicio\/atuacao\/atuacao_certificacoes_ambientais\/\">\n\t\t\t\t\t\t<span class=\"elementor-button-content-wrapper\">\n\t\t\t\t\t\t\t\t\t<span class=\"elementor-button-text\">SAIBA MAIS<\/span>\n\t\t\t\t\t<\/span>\n\t\t\t\t\t<\/a>\n\t\t\t\t<\/div>\n\t\t\t\t\t\t\t\t<\/div>\n\t\t\t\t<\/div>\n\t\t\t\t\t<\/div>\n\t\t<\/div>\n\t\t\t\t\t<\/div>\n\t\t<\/section>\n\t\t\t\t<section class=\"elementor-section elementor-inner-section elementor-element elementor-element-e1374cc elementor-section-boxed elementor-section-height-default elementor-section-height-default\" data-id=\"e1374cc\" data-element_type=\"section\" data-e-type=\"section\">\n\t\t\t\t\t\t<div class=\"elementor-container elementor-column-gap-default\">\n\t\t\t\t\t<div class=\"elementor-column elementor-col-50 elementor-inner-column elementor-element elementor-element-e51ec7c\" data-id=\"e51ec7c\" data-element_type=\"column\" data-e-type=\"column\">\n\t\t\t<div class=\"elementor-widget-wrap elementor-element-populated\">\n\t\t\t\t\t\t<div class=\"elementor-element elementor-element-3ce675f elementor-widget elementor-widget-image\" data-id=\"3ce675f\" data-element_type=\"widget\" data-e-type=\"widget\" data-widget_type=\"image.default\">\n\t\t\t\t<div class=\"elementor-widget-container\">\n\t\t\t\t\t\t\t\t\t\t\t\t\t\t\t<img decoding=\"async\" width=\"300\" height=\"300\" src=\"https:\/\/parsus.com.br\/wp-content\/uploads\/2024\/12\/atuacao-site-10-300x300.png\" class=\"attachment-medium size-medium wp-image-6608\" alt=\"\" srcset=\"https:\/\/parsus.com.br\/wp-content\/uploads\/2024\/12\/atuacao-site-10-300x300.png 300w, https:\/\/parsus.com.br\/wp-content\/uploads\/2024\/12\/atuacao-site-10-1024x1024.png 1024w, https:\/\/parsus.com.br\/wp-content\/uploads\/2024\/12\/atuacao-site-10-150x150.png 150w, https:\/\/parsus.com.br\/wp-content\/uploads\/2024\/12\/atuacao-site-10-768x768.png 768w, https:\/\/parsus.com.br\/wp-content\/uploads\/2024\/12\/atuacao-site-10.png 1080w\" sizes=\"(max-width: 300px) 100vw, 300px\" \/>\t\t\t\t\t\t\t\t\t\t\t\t\t\t\t<\/div>\n\t\t\t\t<\/div>\n\t\t\t\t\t<\/div>\n\t\t<\/div>\n\t\t\t\t<div class=\"elementor-column elementor-col-50 elementor-inner-column elementor-element elementor-element-da0725b\" data-id=\"da0725b\" data-element_type=\"column\" data-e-type=\"column\">\n\t\t\t<div class=\"elementor-widget-wrap elementor-element-populated\">\n\t\t\t\t\t\t<div class=\"elementor-element elementor-element-0e5494c elementor-widget elementor-widget-text-editor\" data-id=\"0e5494c\" data-element_type=\"widget\" data-e-type=\"widget\" data-widget_type=\"text-editor.default\">\n\t\t\t\t<div class=\"elementor-widget-container\">\n\t\t\t\t\t\t\t\t\t<p>A Avalia\u00e7\u00e3o de Ciclo de Vida \u00e9 utilizada internacionalmente por empresas do setor da constru\u00e7\u00e3o civil para medir e reduzir as emiss\u00f5es de carbono durante todo o ciclo de vida do projeto, principalmente as emiss\u00f5es indiretas de Escopo 3 que envolvem a cadeia de suprimentos e fornecimento de materiais. Al\u00e9m de calcular as emiss\u00f5es para complementar os relat\u00f3rios de sustentabilidade alinhado com as pr\u00e1ticas de ESG, nossa ferramenta apresenta an\u00e1lises de onde est\u00e3o os maiores impactos possibilitando a simula\u00e7\u00e3o de melhorias para reduzi-los com o prop\u00f3sito de atingir metas de descarboniza\u00e7\u00e3o.\u00a0<\/p>\t\t\t\t\t\t\t\t<\/div>\n\t\t\t\t<\/div>\n\t\t\t\t<div class=\"elementor-element elementor-element-c51a2d6 elementor-widget elementor-widget-button\" data-id=\"c51a2d6\" data-element_type=\"widget\" data-e-type=\"widget\" data-widget_type=\"button.default\">\n\t\t\t\t<div class=\"elementor-widget-container\">\n\t\t\t\t\t\t\t\t\t<div class=\"elementor-button-wrapper\">\n\t\t\t\t\t<a class=\"elementor-button elementor-button-link elementor-size-sm\" href=\"https:\/\/parsus.com.br\/index.php\/inicio\/atuacao\/gestao_de_emissoes_de_carbono\/\">\n\t\t\t\t\t\t<span class=\"elementor-button-content-wrapper\">\n\t\t\t\t\t\t\t\t\t<span class=\"elementor-button-text\">SAIBA MAIS<\/span>\n\t\t\t\t\t<\/span>\n\t\t\t\t\t<\/a>\n\t\t\t\t<\/div>\n\t\t\t\t\t\t\t\t<\/div>\n\t\t\t\t<\/div>\n\t\t\t\t\t<\/div>\n\t\t<\/div>\n\t\t\t\t\t<\/div>\n\t\t<\/section>\n\t\t\t\t<section class=\"elementor-section elementor-inner-section elementor-element elementor-element-37da011 elementor-section-boxed elementor-section-height-default elementor-section-height-default\" data-id=\"37da011\" data-element_type=\"section\" data-e-type=\"section\">\n\t\t\t\t\t\t<div class=\"elementor-container elementor-column-gap-default\">\n\t\t\t\t\t<div class=\"elementor-column elementor-col-50 elementor-inner-column elementor-element elementor-element-f403cc5\" data-id=\"f403cc5\" data-element_type=\"column\" data-e-type=\"column\">\n\t\t\t<div class=\"elementor-widget-wrap elementor-element-populated\">\n\t\t\t\t\t\t<div class=\"elementor-element elementor-element-eb30998 elementor-widget elementor-widget-image\" data-id=\"eb30998\" data-element_type=\"widget\" data-e-type=\"widget\" data-widget_type=\"image.default\">\n\t\t\t\t<div class=\"elementor-widget-container\">\n\t\t\t\t\t\t\t\t\t\t\t\t\t\t\t<img decoding=\"async\" width=\"300\" height=\"300\" src=\"https:\/\/parsus.com.br\/wp-content\/uploads\/2024\/09\/atuacao-site-2-300x300.png\" class=\"attachment-medium size-medium wp-image-6026\" alt=\"\" srcset=\"https:\/\/parsus.com.br\/wp-content\/uploads\/2024\/09\/atuacao-site-2-300x300.png 300w, https:\/\/parsus.com.br\/wp-content\/uploads\/2024\/09\/atuacao-site-2-1024x1024.png 1024w, https:\/\/parsus.com.br\/wp-content\/uploads\/2024\/09\/atuacao-site-2-150x150.png 150w, https:\/\/parsus.com.br\/wp-content\/uploads\/2024\/09\/atuacao-site-2-768x768.png 768w, https:\/\/parsus.com.br\/wp-content\/uploads\/2024\/09\/atuacao-site-2.png 1080w\" sizes=\"(max-width: 300px) 100vw, 300px\" \/>\t\t\t\t\t\t\t\t\t\t\t\t\t\t\t<\/div>\n\t\t\t\t<\/div>\n\t\t\t\t\t<\/div>\n\t\t<\/div>\n\t\t\t\t<div class=\"elementor-column elementor-col-50 elementor-inner-column elementor-element elementor-element-40f4294\" data-id=\"40f4294\" data-element_type=\"column\" data-e-type=\"column\">\n\t\t\t<div class=\"elementor-widget-wrap elementor-element-populated\">\n\t\t\t\t\t\t<div class=\"elementor-element elementor-element-82d39c3 elementor-widget elementor-widget-text-editor\" data-id=\"82d39c3\" data-element_type=\"widget\" data-e-type=\"widget\" data-widget_type=\"text-editor.default\">\n\t\t\t\t<div class=\"elementor-widget-container\">\n\t\t\t\t\t\t\t\t\t<p><span style=\"font-weight: 400;\"><span style=\"vertical-align: inherit;\"><span style=\"vertical-align: inherit;\">Os projetos de grande porte s\u00e3o respons\u00e1veis \u200b\u200bpor uma parte significativa das emiss\u00f5es do pa\u00eds. Portanto, adotar abordagens inovadoras e sustent\u00e1veis \u200b\u200bcomo a Avalia\u00e7\u00e3o de Ciclo de Vida (ACV), \u00e9 fundamental para gerar resultados positivos. Essa integra\u00e7\u00e3o n\u00e3o apenas facilita a or\u00e7amenta\u00e7\u00e3o, mas tamb\u00e9m permite a inclus\u00e3o de indicadores ambientais nas decis\u00f5es de projeto.<\/span><\/span><\/span><\/p>\t\t\t\t\t\t\t\t<\/div>\n\t\t\t\t<\/div>\n\t\t\t\t<div class=\"elementor-element elementor-element-f57a713 elementor-widget elementor-widget-button\" data-id=\"f57a713\" data-element_type=\"widget\" data-e-type=\"widget\" data-widget_type=\"button.default\">\n\t\t\t\t<div class=\"elementor-widget-container\">\n\t\t\t\t\t\t\t\t\t<div class=\"elementor-button-wrapper\">\n\t\t\t\t\t<a class=\"elementor-button elementor-button-link elementor-size-sm\" href=\"https:\/\/parsus.com.br\/index.php\/atuacao-infraestrutura\">\n\t\t\t\t\t\t<span class=\"elementor-button-content-wrapper\">\n\t\t\t\t\t\t\t\t\t<span class=\"elementor-button-text\">SAIBA MAIS<\/span>\n\t\t\t\t\t<\/span>\n\t\t\t\t\t<\/a>\n\t\t\t\t<\/div>\n\t\t\t\t\t\t\t\t<\/div>\n\t\t\t\t<\/div>\n\t\t\t\t\t<\/div>\n\t\t<\/div>\n\t\t\t\t\t<\/div>\n\t\t<\/section>\n\t\t\t\t<section class=\"elementor-section elementor-inner-section elementor-element elementor-element-6d69920 elementor-section-boxed elementor-section-height-default elementor-section-height-default\" data-id=\"6d69920\" data-element_type=\"section\" data-e-type=\"section\">\n\t\t\t\t\t\t<div class=\"elementor-container elementor-column-gap-default\">\n\t\t\t\t\t<div class=\"elementor-column elementor-col-50 elementor-inner-column elementor-element elementor-element-27d5f91\" data-id=\"27d5f91\" data-element_type=\"column\" data-e-type=\"column\">\n\t\t\t<div class=\"elementor-widget-wrap elementor-element-populated\">\n\t\t\t\t\t\t<div class=\"elementor-element elementor-element-71970c7 elementor-widget elementor-widget-image\" data-id=\"71970c7\" data-element_type=\"widget\" data-e-type=\"widget\" data-widget_type=\"image.default\">\n\t\t\t\t<div class=\"elementor-widget-container\">\n\t\t\t\t\t\t\t\t\t\t\t\t\t\t\t<img loading=\"lazy\" decoding=\"async\" width=\"300\" height=\"300\" src=\"https:\/\/parsus.com.br\/wp-content\/uploads\/2024\/09\/atuacao-site-3-300x300.png\" class=\"attachment-medium size-medium wp-image-6027\" alt=\"\" srcset=\"https:\/\/parsus.com.br\/wp-content\/uploads\/2024\/09\/atuacao-site-3-300x300.png 300w, https:\/\/parsus.com.br\/wp-content\/uploads\/2024\/09\/atuacao-site-3-1024x1024.png 1024w, https:\/\/parsus.com.br\/wp-content\/uploads\/2024\/09\/atuacao-site-3-150x150.png 150w, https:\/\/parsus.com.br\/wp-content\/uploads\/2024\/09\/atuacao-site-3-768x768.png 768w, https:\/\/parsus.com.br\/wp-content\/uploads\/2024\/09\/atuacao-site-3.png 1080w\" sizes=\"(max-width: 300px) 100vw, 300px\" \/>\t\t\t\t\t\t\t\t\t\t\t\t\t\t\t<\/div>\n\t\t\t\t<\/div>\n\t\t\t\t\t<\/div>\n\t\t<\/div>\n\t\t\t\t<div class=\"elementor-column elementor-col-50 elementor-inner-column elementor-element elementor-element-4b86163\" data-id=\"4b86163\" data-element_type=\"column\" data-e-type=\"column\">\n\t\t\t<div class=\"elementor-widget-wrap elementor-element-populated\">\n\t\t\t\t\t\t<div class=\"elementor-element elementor-element-4b5260f elementor-widget elementor-widget-text-editor\" data-id=\"4b5260f\" data-element_type=\"widget\" data-e-type=\"widget\" data-widget_type=\"text-editor.default\">\n\t\t\t\t<div class=\"elementor-widget-container\">\n\t\t\t\t\t\t\t\t\t<p>O conceito de Projeto Integrado se destaca como uma abordagem essencial para garantir que as decis\u00f5es sejam tomadas de forma hol\u00edstica e sustent\u00e1vel, garantindo o melhor desempenho no menor custo poss\u00edvel. A Avalia\u00e7\u00e3o de Ciclo de Vida (ACV) surge como uma ferramenta crucial, permitindo analisar todos os m\u00f3dulos do ciclo de vida de um projeto, conhecido como Whole Life Carbon.<\/p>\t\t\t\t\t\t\t\t<\/div>\n\t\t\t\t<\/div>\n\t\t\t\t<div class=\"elementor-element elementor-element-585dd97 elementor-widget elementor-widget-button\" data-id=\"585dd97\" data-element_type=\"widget\" data-e-type=\"widget\" data-widget_type=\"button.default\">\n\t\t\t\t<div class=\"elementor-widget-container\">\n\t\t\t\t\t\t\t\t\t<div class=\"elementor-button-wrapper\">\n\t\t\t\t\t<a class=\"elementor-button elementor-button-link elementor-size-sm\" href=\"https:\/\/parsus.com.br\/index.php\/atuacao-projeto-integrado\">\n\t\t\t\t\t\t<span class=\"elementor-button-content-wrapper\">\n\t\t\t\t\t\t\t\t\t<span class=\"elementor-button-text\">SAIBA MAIS<\/span>\n\t\t\t\t\t<\/span>\n\t\t\t\t\t<\/a>\n\t\t\t\t<\/div>\n\t\t\t\t\t\t\t\t<\/div>\n\t\t\t\t<\/div>\n\t\t\t\t\t<\/div>\n\t\t<\/div>\n\t\t\t\t\t<\/div>\n\t\t<\/section>\n\t\t\t\t<section class=\"elementor-section elementor-inner-section elementor-element elementor-element-dc405cf elementor-section-boxed elementor-section-height-default elementor-section-height-default\" data-id=\"dc405cf\" data-element_type=\"section\" data-e-type=\"section\">\n\t\t\t\t\t\t<div class=\"elementor-container elementor-column-gap-default\">\n\t\t\t\t\t<div class=\"elementor-column elementor-col-50 elementor-inner-column elementor-element elementor-element-c4dc0ca\" data-id=\"c4dc0ca\" data-element_type=\"column\" data-e-type=\"column\">\n\t\t\t<div class=\"elementor-widget-wrap elementor-element-populated\">\n\t\t\t\t\t\t<div class=\"elementor-element elementor-element-9d7ad47 elementor-widget elementor-widget-image\" data-id=\"9d7ad47\" data-element_type=\"widget\" data-e-type=\"widget\" data-widget_type=\"image.default\">\n\t\t\t\t<div class=\"elementor-widget-container\">\n\t\t\t\t\t\t\t\t\t\t\t\t\t\t\t<img loading=\"lazy\" decoding=\"async\" width=\"300\" height=\"300\" src=\"https:\/\/parsus.com.br\/wp-content\/uploads\/2024\/09\/atuacao-site-4-300x300.png\" class=\"attachment-medium size-medium wp-image-6028\" alt=\"\" srcset=\"https:\/\/parsus.com.br\/wp-content\/uploads\/2024\/09\/atuacao-site-4-300x300.png 300w, https:\/\/parsus.com.br\/wp-content\/uploads\/2024\/09\/atuacao-site-4-1024x1024.png 1024w, https:\/\/parsus.com.br\/wp-content\/uploads\/2024\/09\/atuacao-site-4-150x150.png 150w, https:\/\/parsus.com.br\/wp-content\/uploads\/2024\/09\/atuacao-site-4-768x768.png 768w, https:\/\/parsus.com.br\/wp-content\/uploads\/2024\/09\/atuacao-site-4.png 1080w\" sizes=\"(max-width: 300px) 100vw, 300px\" \/>\t\t\t\t\t\t\t\t\t\t\t\t\t\t\t<\/div>\n\t\t\t\t<\/div>\n\t\t\t\t\t<\/div>\n\t\t<\/div>\n\t\t\t\t<div class=\"elementor-column elementor-col-50 elementor-inner-column elementor-element elementor-element-ab55348\" data-id=\"ab55348\" data-element_type=\"column\" data-e-type=\"column\">\n\t\t\t<div class=\"elementor-widget-wrap elementor-element-populated\">\n\t\t\t\t\t\t<div class=\"elementor-element elementor-element-fcf72ad elementor-widget elementor-widget-text-editor\" data-id=\"fcf72ad\" data-element_type=\"widget\" data-e-type=\"widget\" data-widget_type=\"text-editor.default\">\n\t\t\t\t<div class=\"elementor-widget-container\">\n\t\t\t\t\t\t\t\t\t<p>O eTool \u00e9 um software de Avalia\u00e7\u00e3o de Ciclo de Vida (ACV) altamente reconhecido e projetado para empresas de consultoria e engenharia. Garante a precis\u00e3o dos dados e oferece an\u00e1lises detalhadas. Seus templates capturam o impacto de materiais e recursos em todas as fases do projeto, enquanto o ambiente online colaborativo facilita a gest\u00e3o de propriedade intelectual e a tomada de decis\u00f5es. Al\u00e9m disso, o eTool \u00e9 uma solu\u00e7\u00e3o segura e escal\u00e1vel, proporcionando resultados sustent\u00e1veis e eficientes.<\/p><p>O software tamb\u00e9m se destaca por ajudar a obter pontua\u00e7\u00f5es em certifica\u00e7\u00f5es como o LEED e a complementar Invent\u00e1rios de Carbono para relat\u00f3rios de Sustentabilidade e ESG.<\/p>\t\t\t\t\t\t\t\t<\/div>\n\t\t\t\t<\/div>\n\t\t\t\t<div class=\"elementor-element elementor-element-124925f elementor-widget elementor-widget-button\" data-id=\"124925f\" data-element_type=\"widget\" data-e-type=\"widget\" data-widget_type=\"button.default\">\n\t\t\t\t<div class=\"elementor-widget-container\">\n\t\t\t\t\t\t\t\t\t<div class=\"elementor-button-wrapper\">\n\t\t\t\t\t<a class=\"elementor-button elementor-button-link elementor-size-sm\" href=\"https:\/\/parsus.com.br\/index.php\/atuacao-software-etool\">\n\t\t\t\t\t\t<span class=\"elementor-button-content-wrapper\">\n\t\t\t\t\t\t\t\t\t<span class=\"elementor-button-text\">SAIBA MAIS<\/span>\n\t\t\t\t\t<\/span>\n\t\t\t\t\t<\/a>\n\t\t\t\t<\/div>\n\t\t\t\t\t\t\t\t<\/div>\n\t\t\t\t<\/div>\n\t\t\t\t\t<\/div>\n\t\t<\/div>\n\t\t\t\t\t<\/div>\n\t\t<\/section>\n\t\t\t\t\t<\/div>\n\t\t<\/div>\n\t\t\t\t\t<\/div>\n\t\t<\/section>\n\t\t\t\t<\/div>\n\t\t","protected":false},"excerpt":{"rendered":"<p>Atua\u00e7\u00e3o Os servi\u00e7os da Parsus e a utiliza\u00e7\u00e3o do software eTool atendem aos requisitos de diversas certifica\u00e7\u00f5es ambientais incluindo LEED, GBC Casa e Condom\u00ednio, AQUA, entre outras. Somos especialistas na \u00e1rea de Avalia\u00e7\u00e3o de Ciclo de Vida, Carbono Incorporado e j\u00e1 completamos mais de 60 projetos em colabora\u00e7\u00e3o com as principais consultorias em certifica\u00e7\u00e3o, construtoras &hellip;<\/p>\n<p class=\"read-more\"> <a class=\"\" href=\"https:\/\/parsus.com.br\/index.php\/inicio\/atuacao\/\"> <span class=\"screen-reader-text\">Atua\u00e7\u00e3o<\/span> Read More &raquo;<\/a><\/p>\n","protected":false},"author":7,"featured_media":0,"parent":1550,"menu_order":0,"comment_status":"closed","ping_status":"closed","template":"","meta":{"_uag_custom_page_level_css":"","site-sidebar-layout":"no-sidebar","site-content-layout":"page-builder","ast-site-content-layout":"","site-content-style":"default","site-sidebar-style":"default","ast-global-header-display":"","ast-banner-title-visibility":"","ast-main-header-display":"","ast-hfb-above-header-display":"","ast-hfb-below-header-display":"","ast-hfb-mobile-header-display":"","site-post-title":"disabled","ast-breadcrumbs-content":"","ast-featured-img":"disabled","footer-sml-layout":"","theme-transparent-header-meta":"enabled","adv-header-id-meta":"","stick-header-meta":"","header-above-stick-meta":"","header-main-stick-meta":"","header-below-stick-meta":"","astra-migrate-meta-layouts":"","footnotes":""},"class_list":["post-6018","page","type-page","status-publish","hentry"],"uagb_featured_image_src":{"full":false,"thumbnail":false,"medium":false,"medium_large":false,"large":false,"1536x1536":false,"2048x2048":false},"uagb_author_info":{"display_name":"Luiza Andrade","author_link":"https:\/\/parsus.com.br\/index.php\/author\/luiza-andrade\/"},"uagb_comment_info":0,"uagb_excerpt":"Atua\u00e7\u00e3o Os servi\u00e7os da Parsus e a utiliza\u00e7\u00e3o do software eTool atendem aos requisitos de diversas certifica\u00e7\u00f5es ambientais incluindo LEED, GBC Casa e Condom\u00ednio, AQUA, entre outras. Somos especialistas na \u00e1rea de Avalia\u00e7\u00e3o de Ciclo de Vida, Carbono Incorporado e j\u00e1 completamos mais de 60 projetos em colabora\u00e7\u00e3o com as principais consultorias em certifica\u00e7\u00e3o, construtoras&hellip;","_links":{"self":[{"href":"https:\/\/parsus.com.br\/index.php\/wp-json\/wp\/v2\/pages\/6018"}],"collection":[{"href":"https:\/\/parsus.com.br\/index.php\/wp-json\/wp\/v2\/pages"}],"about":[{"href":"https:\/\/parsus.com.br\/index.php\/wp-json\/wp\/v2\/types\/page"}],"author":[{"embeddable":true,"href":"https:\/\/parsus.com.br\/index.php\/wp-json\/wp\/v2\/users\/7"}],"replies":[{"embeddable":true,"href":"https:\/\/parsus.com.br\/index.php\/wp-json\/wp\/v2\/comments?post=6018"}],"version-history":[{"count":104,"href":"https:\/\/parsus.com.br\/index.php\/wp-json\/wp\/v2\/pages\/6018\/revisions"}],"predecessor-version":[{"id":6883,"href":"https:\/\/parsus.com.br\/index.php\/wp-json\/wp\/v2\/pages\/6018\/revisions\/6883"}],"up":[{"embeddable":true,"href":"https:\/\/parsus.com.br\/index.php\/wp-json\/wp\/v2\/pages\/1550"}],"wp:attachment":[{"href":"https:\/\/parsus.com.br\/index.php\/wp-json\/wp\/v2\/media?parent=6018"}],"curies":[{"name":"wp","href":"https:\/\/api.w.org\/{rel}","templated":true}]}}