{"id":7000,"date":"2025-05-16T15:48:48","date_gmt":"2025-05-16T18:48:48","guid":{"rendered":"https:\/\/parsus.com.br\/?page_id=7000"},"modified":"2025-08-26T14:14:12","modified_gmt":"2025-08-26T17:14:12","slug":"artigo-visus-e-etool","status":"publish","type":"page","link":"https:\/\/parsus.com.br\/index.php\/blog\/artigo-visus-e-etool\/","title":{"rendered":"Artigo Visus e etool"},"content":{"rendered":"\t\t<div data-elementor-type=\"wp-page\" data-elementor-id=\"7000\" class=\"elementor elementor-7000\">\n\t\t\t\t\t\t<section class=\"elementor-section elementor-top-section elementor-element elementor-element-13c8bc36 elementor-section-boxed elementor-section-height-default elementor-section-height-default\" data-id=\"13c8bc36\" data-element_type=\"section\" data-e-type=\"section\" data-settings=\"{&quot;background_background&quot;:&quot;classic&quot;}\">\n\t\t\t\t\t\t<div class=\"elementor-container elementor-column-gap-no\">\n\t\t\t\t\t<div class=\"elementor-column elementor-col-100 elementor-top-column elementor-element elementor-element-414adf99\" data-id=\"414adf99\" data-element_type=\"column\" data-e-type=\"column\">\n\t\t\t<div class=\"elementor-widget-wrap elementor-element-populated\">\n\t\t\t\t\t\t<div class=\"elementor-element elementor-element-2af49965 elementor-widget elementor-widget-image\" data-id=\"2af49965\" data-element_type=\"widget\" data-e-type=\"widget\" data-widget_type=\"image.default\">\n\t\t\t\t<div class=\"elementor-widget-container\">\n\t\t\t\t\t\t\t\t\t\t\t\t\t\t\t<img fetchpriority=\"high\" decoding=\"async\" width=\"768\" height=\"384\" src=\"https:\/\/parsus.com.br\/wp-content\/uploads\/2025\/05\/Emissao-de-GEE-6-768x384.png\" class=\"attachment-medium_large size-medium_large wp-image-6996\" alt=\"\" srcset=\"https:\/\/parsus.com.br\/wp-content\/uploads\/2025\/05\/Emissao-de-GEE-6-768x384.png 768w, https:\/\/parsus.com.br\/wp-content\/uploads\/2025\/05\/Emissao-de-GEE-6-300x150.png 300w, https:\/\/parsus.com.br\/wp-content\/uploads\/2025\/05\/Emissao-de-GEE-6-1024x512.png 1024w, https:\/\/parsus.com.br\/wp-content\/uploads\/2025\/05\/Emissao-de-GEE-6-1536x768.png 1536w, https:\/\/parsus.com.br\/wp-content\/uploads\/2025\/05\/Emissao-de-GEE-6-2048x1024.png 2048w\" sizes=\"(max-width: 768px) 100vw, 768px\" \/>\t\t\t\t\t\t\t\t\t\t\t\t\t\t\t<\/div>\n\t\t\t\t<\/div>\n\t\t\t\t<div class=\"elementor-element elementor-element-76dbecd5 elementor-widget elementor-widget-heading\" data-id=\"76dbecd5\" data-element_type=\"widget\" data-e-type=\"widget\" data-widget_type=\"heading.default\">\n\t\t\t\t<div class=\"elementor-widget-container\">\n\t\t\t\t\t<h3 class=\"elementor-heading-title elementor-size-default\"> Integra\u00e7\u00e3o Visus e eTool na Avalia\u00e7\u00e3o do Ciclo de Vida\n<\/h3>\t\t\t\t<\/div>\n\t\t\t\t<\/div>\n\t\t\t\t<div class=\"elementor-element elementor-element-1287b598 elementor-widget elementor-widget-text-editor\" data-id=\"1287b598\" data-element_type=\"widget\" data-e-type=\"widget\" data-widget_type=\"text-editor.default\">\n\t\t\t\t<div class=\"elementor-widget-container\">\n\t\t\t\t\t\t\t\t\t<p><span style=\"vertical-align: inherit; color: #ffffff;\"><span style=\"vertical-align: inherit;\"><span style=\"vertical-align: inherit;\"><span style=\"vertical-align: inherit;\"><span style=\"vertical-align: inherit;\"><span style=\"vertical-align: inherit;\"><span style=\"vertical-align: inherit;\"><span style=\"vertical-align: inherit;\">\u00a016\/05\/2025 \/ Artigo escrito por Henrique Mendon\u00e7a<\/span><\/span><\/span><\/span><\/span><\/span><\/span><\/span><\/p>\t\t\t\t\t\t\t\t<\/div>\n\t\t\t\t<\/div>\n\t\t\t\t<div class=\"elementor-element elementor-element-e5e2316 elementor-widget elementor-widget-text-editor\" data-id=\"e5e2316\" data-element_type=\"widget\" data-e-type=\"widget\" data-widget_type=\"text-editor.default\">\n\t\t\t\t<div class=\"elementor-widget-container\">\n\t\t\t\t\t\t\t\t\t<p><span style=\"font-weight: 400; color: #ffffff;\"><span style=\"vertical-align: inherit;\"><span style=\"vertical-align: inherit;\">Buscando reduzir o impacto ambiental de seus projetos de constru\u00e7\u00e3o de forma integrada entre modelos BIM e Avalia\u00e7\u00e3o de Ciclo de Vida?\u00a0<\/span><\/span><\/span><\/p><p><span style=\"font-weight: 400; color: #ffffff;\"><span style=\"vertical-align: inherit;\"><span style=\"vertical-align: inherit;\">O Visus possui uma forma simples e r\u00e1pida para transfer\u00eancia de informa\u00e7\u00f5es do modelo BIM com o software eTool para Avalia\u00e7\u00e3o do Ciclo de Vida. Esta integra\u00e7\u00e3o auxilia o processo de tomada de decis\u00e3o com precis\u00e3o e agilidade, garantindo as melhores escolhas de melhorias ainda na etapa inicial dos projetos de constru\u00e7\u00e3o para redu\u00e7\u00e3o das emiss\u00f5es de carbono. Com uma vis\u00e3o completa do ciclo de vida, crie relat\u00f3rios transparentes e alinhados com as melhores pr\u00e1ticas internacionais, e obtenha pontua\u00e7\u00f5es para certifica\u00e7\u00f5es ambientais como LEED, AQUA, GBC Casa e Condom\u00ednio.\u00a0<\/span><\/span><\/span><\/p><p><span style=\"font-weight: 400; color: #ffffff;\"><span style=\"vertical-align: inherit;\"><span style=\"vertical-align: inherit;\">O Visus \u00e9 uma plataforma integrada de gest\u00e3o digital da constru\u00e7\u00e3o baseada na tecnologia OpenBIM, desenvolvida para melhorar todas as etapas do ciclo de vida de um empreendimento \u2014 desde o or\u00e7amento e planejamento at\u00e9 o acompanhamento da execu\u00e7\u00e3o e an\u00e1lise de desempenho.\u200b<\/span><\/span><\/span><\/p><p><span style=\"font-weight: 400; color: #ffffff;\"><span style=\"vertical-align: inherit;\"><span style=\"vertical-align: inherit;\">eTool \u00e9 um software especializado em Avalia\u00e7\u00e3o de Ciclo de Vida (ACV), projetado especificamente para o setor de constru\u00e7\u00e3o. Ele permite que arquitetos, engenheiros e consultores ambientais quantifiquem e otimizem os impactos ambientais de projetos ao longo de todo o seu ciclo de vida \u2014 Produto, Transporte, Constru\u00e7\u00e3o, Manuten\u00e7\u00e3o, Opera\u00e7\u00e3o, Fim da Vida, Demoli\u00e7\u00e3o e Reciclagem.<\/span><\/span><\/span><\/p><p><span style=\"color: #ffffff;\"><span style=\"font-weight: 400;\"><span style=\"vertical-align: inherit;\"><span style=\"vertical-align: inherit;\">Demonstraremos no v\u00eddeo abaixo, de maneira simples e r\u00e1pida, como analisar os impactos ambientais do seu projeto, atrav\u00e9s da importa\u00e7\u00e3o dos dados de materiais e seus quantitativos usados \u200b\u200bno <\/span><\/span><\/span><a style=\"color: #ffffff;\" href=\"https:\/\/www.altoqi.com.br\/visus\/plataforma\"><span style=\"font-weight: 400;\"><span style=\"vertical-align: inherit;\"><span style=\"vertical-align: inherit;\">Visus<\/span><\/span><\/span><\/a><span style=\"font-weight: 400;\"><span style=\"vertical-align: inherit;\"><span style=\"vertical-align: inherit;\"> , para o software eTool, e em seguida criar estrat\u00e9gias de melhoria de forma integrada com objetivo de redu\u00e7\u00e3o de emiss\u00f5es de carbono.<\/span><\/span><\/span><span style=\"font-weight: 400;\"><br \/><\/span><\/span><\/p><p><span style=\"color: #ffffff;\"><span style=\"font-weight: 400;\"><span style=\"vertical-align: inherit;\"><span style=\"vertical-align: inherit;\">Criado especificamente para usu\u00e1rios do Visus, a exporta\u00e7\u00e3o do arquivo <\/span><\/span><\/span><b><span style=\"vertical-align: inherit;\"><span style=\"vertical-align: inherit;\">.CSV <\/span><\/span><\/b><span style=\"font-weight: 400;\"><span style=\"vertical-align: inherit;\"><span style=\"vertical-align: inherit;\">com os quantitativos de materiais para serem importados direto no <\/span><\/span><\/span><a style=\"color: #ffffff;\" href=\"https:\/\/cerclos.com\/products\/etool\/\"><span style=\"font-weight: 400;\"><span style=\"vertical-align: inherit;\"><span style=\"vertical-align: inherit;\">eTool<\/span><\/span><\/span><\/a><span style=\"font-weight: 400;\"><span style=\"vertical-align: inherit;\"><span style=\"vertical-align: inherit;\"> , permite criar o estudo de forma mais f\u00e1cil e sem trabalho de preenchimento manual.<\/span><\/span><\/span><\/span><\/p><p><span style=\"font-weight: 400; color: #ffffff;\"><span style=\"vertical-align: inherit;\"><span style=\"vertical-align: inherit;\">Esta abordagem inovadora cria valor para o projeto e para a marca da sua empresa, aumentando a competitividade no mercado e preservando o ambiente em que vivemos.<\/span><\/span><\/span><\/p>\t\t\t\t\t\t\t\t<\/div>\n\t\t\t\t<\/div>\n\t\t\t\t<div class=\"elementor-element elementor-element-513c544 elementor-widget elementor-widget-text-editor\" data-id=\"513c544\" data-element_type=\"widget\" data-e-type=\"widget\" data-widget_type=\"text-editor.default\">\n\t\t\t\t<div class=\"elementor-widget-container\">\n\t\t\t\t\t\t\t\t\t<h3 style=\"text-align: center;\"><span style=\"color: #ffffff;\">Integra\u00e7\u00e3o QiVisus e eTool:<\/span><\/h3>\t\t\t\t\t\t\t\t<\/div>\n\t\t\t\t<\/div>\n\t\t\t\t<div class=\"elementor-element elementor-element-67e1303 elementor-widget elementor-widget-video\" data-id=\"67e1303\" data-element_type=\"widget\" data-e-type=\"widget\" data-settings=\"{&quot;video_type&quot;:&quot;hosted&quot;,&quot;controls&quot;:&quot;yes&quot;}\" data-widget_type=\"video.default\">\n\t\t\t\t<div class=\"elementor-widget-container\">\n\t\t\t\t\t\t\t<div class=\"e-hosted-video elementor-wrapper elementor-open-inline\">\n\t\t\t\t\t<video class=\"elementor-video\" src=\"https:\/\/parsus.com.br\/wp-content\/uploads\/2025\/05\/Integracao_visus_eTool.mp4\" controls=\"\" preload=\"metadata\" controlsList=\"nodownload\"><\/video>\n\t\t\t\t<\/div>\n\t\t\t\t\t\t<\/div>\n\t\t\t\t<\/div>\n\t\t\t\t<div class=\"elementor-element elementor-element-58aa5c5 elementor-widget elementor-widget-text-editor\" data-id=\"58aa5c5\" data-element_type=\"widget\" data-e-type=\"widget\" data-widget_type=\"text-editor.default\">\n\t\t\t\t<div class=\"elementor-widget-container\">\n\t\t\t\t\t\t\t\t\t<p><span style=\"color: #ffffff;\">Para complementar esse conte\u00fado, realizamos um webinar exclusivo em parceria com a <strong>AltoQi<\/strong> e a <strong>Reta Engenharia<\/strong>, mostrando na pr\u00e1tica como a Avalia\u00e7\u00e3o de Ciclo de Vida (ACV) pode transformar os resultados em projetos de constru\u00e7\u00e3o.<\/span><\/p><p><span style=\"color: #ffffff;\">Durante a apresenta\u00e7\u00e3o, discutimos casos reais, compartilhamos experi\u00eancias de mercado e mostramos os principais benef\u00edcios de integrar a ACV aos processos de decis\u00e3o.<\/span><\/p>\t\t\t\t\t\t\t\t<\/div>\n\t\t\t\t<\/div>\n\t\t\t\t<section class=\"elementor-section elementor-inner-section elementor-element elementor-element-4548502 elementor-section-boxed elementor-section-height-default elementor-section-height-default\" data-id=\"4548502\" data-element_type=\"section\" data-e-type=\"section\">\n\t\t\t\t\t\t<div class=\"elementor-container elementor-column-gap-default\">\n\t\t\t\t\t<div class=\"elementor-column elementor-col-50 elementor-inner-column elementor-element elementor-element-1201de4\" data-id=\"1201de4\" data-element_type=\"column\" data-e-type=\"column\">\n\t\t\t<div class=\"elementor-widget-wrap elementor-element-populated\">\n\t\t\t\t\t\t<div class=\"elementor-element elementor-element-52ef568 elementor-align-right elementor-widget elementor-widget-button\" data-id=\"52ef568\" data-element_type=\"widget\" data-e-type=\"widget\" data-widget_type=\"button.default\">\n\t\t\t\t<div class=\"elementor-widget-container\">\n\t\t\t\t\t\t\t\t\t<div class=\"elementor-button-wrapper\">\n\t\t\t\t\t<a class=\"elementor-button elementor-button-link elementor-size-sm\" href=\"https:\/\/www.youtube.com\/watch?v=-wX50jyn9G8\" target=\"_blank\">\n\t\t\t\t\t\t<span class=\"elementor-button-content-wrapper\">\n\t\t\t\t\t\t<span class=\"elementor-button-icon\">\n\t\t\t\t<i aria-hidden=\"true\" class=\"fab fa-youtube\"><\/i>\t\t\t<\/span>\n\t\t\t\t\t\t\t\t\t<span class=\"elementor-button-text\">ASSISTIR AGORA AO WEBINAR NO YOUTUBE<\/span>\n\t\t\t\t\t<\/span>\n\t\t\t\t\t<\/a>\n\t\t\t\t<\/div>\n\t\t\t\t\t\t\t\t<\/div>\n\t\t\t\t<\/div>\n\t\t\t\t\t<\/div>\n\t\t<\/div>\n\t\t\t\t<div class=\"elementor-column elementor-col-50 elementor-inner-column elementor-element elementor-element-f2ec8b0\" data-id=\"f2ec8b0\" data-element_type=\"column\" data-e-type=\"column\">\n\t\t\t<div class=\"elementor-widget-wrap elementor-element-populated\">\n\t\t\t\t\t\t<div class=\"elementor-element elementor-element-4da729d elementor-align-left elementor-widget elementor-widget-button\" data-id=\"4da729d\" data-element_type=\"widget\" data-e-type=\"widget\" data-widget_type=\"button.default\">\n\t\t\t\t<div class=\"elementor-widget-container\">\n\t\t\t\t\t\t\t\t\t<div class=\"elementor-button-wrapper\">\n\t\t\t\t\t<a class=\"elementor-button elementor-button-link elementor-size-sm\" href=\"https:\/\/parsus.com.br\/wp-content\/uploads\/2025\/08\/Apresentacao-Webinar-Altoqi-e-Parsus-Integracao-VisuseTool.pdf\" target=\"_blank\">\n\t\t\t\t\t\t<span class=\"elementor-button-content-wrapper\">\n\t\t\t\t\t\t<span class=\"elementor-button-icon\">\n\t\t\t\t<i aria-hidden=\"true\" class=\"fas fa-file-pdf\"><\/i>\t\t\t<\/span>\n\t\t\t\t\t\t\t\t\t<span class=\"elementor-button-text\">BAIXE AQUI OS SLIDES APRESENTADOS<\/span>\n\t\t\t\t\t<\/span>\n\t\t\t\t\t<\/a>\n\t\t\t\t<\/div>\n\t\t\t\t\t\t\t\t<\/div>\n\t\t\t\t<\/div>\n\t\t\t\t\t<\/div>\n\t\t<\/div>\n\t\t\t\t\t<\/div>\n\t\t<\/section>\n\t\t\t\t\t<\/div>\n\t\t<\/div>\n\t\t\t\t\t<\/div>\n\t\t<\/section>\n\t\t\t\t<\/div>\n\t\t","protected":false},"excerpt":{"rendered":"<p>Integra\u00e7\u00e3o Visus e eTool na Avalia\u00e7\u00e3o do Ciclo de Vida \u00a016\/05\/2025 \/ Artigo escrito por Henrique Mendon\u00e7a Buscando reduzir o impacto ambiental de seus projetos de constru\u00e7\u00e3o de forma integrada entre modelos BIM e Avalia\u00e7\u00e3o de Ciclo de Vida?\u00a0 O Visus possui uma forma simples e r\u00e1pida para transfer\u00eancia de informa\u00e7\u00f5es do modelo BIM com &hellip;<\/p>\n<p class=\"read-more\"> <a class=\"\" href=\"https:\/\/parsus.com.br\/index.php\/blog\/artigo-visus-e-etool\/\"> <span class=\"screen-reader-text\">Artigo Visus e etool<\/span> Read More &raquo;<\/a><\/p>\n","protected":false},"author":7,"featured_media":0,"parent":2958,"menu_order":0,"comment_status":"closed","ping_status":"closed","template":"","meta":{"_uag_custom_page_level_css":"","site-sidebar-layout":"no-sidebar","site-content-layout":"page-builder","ast-site-content-layout":"full-width-container","site-content-style":"default","site-sidebar-style":"default","ast-global-header-display":"","ast-banner-title-visibility":"","ast-main-header-display":"","ast-hfb-above-header-display":"","ast-hfb-below-header-display":"","ast-hfb-mobile-header-display":"","site-post-title":"disabled","ast-breadcrumbs-content":"","ast-featured-img":"disabled","footer-sml-layout":"","theme-transparent-header-meta":"","adv-header-id-meta":"","stick-header-meta":"","header-above-stick-meta":"","header-main-stick-meta":"","header-below-stick-meta":"","astra-migrate-meta-layouts":"set","footnotes":""},"class_list":["post-7000","page","type-page","status-publish","hentry"],"uagb_featured_image_src":{"full":false,"thumbnail":false,"medium":false,"medium_large":false,"large":false,"1536x1536":false,"2048x2048":false},"uagb_author_info":{"display_name":"Luiza Andrade","author_link":"https:\/\/parsus.com.br\/index.php\/author\/luiza-andrade\/"},"uagb_comment_info":0,"uagb_excerpt":"Integra\u00e7\u00e3o Visus e eTool na Avalia\u00e7\u00e3o do Ciclo de Vida \u00a016\/05\/2025 \/ Artigo escrito por Henrique Mendon\u00e7a Buscando reduzir o impacto ambiental de seus projetos de constru\u00e7\u00e3o de forma integrada entre modelos BIM e Avalia\u00e7\u00e3o de Ciclo de Vida?\u00a0 O Visus possui uma forma simples e r\u00e1pida para transfer\u00eancia de informa\u00e7\u00f5es do modelo BIM com&hellip;","_links":{"self":[{"href":"https:\/\/parsus.com.br\/index.php\/wp-json\/wp\/v2\/pages\/7000"}],"collection":[{"href":"https:\/\/parsus.com.br\/index.php\/wp-json\/wp\/v2\/pages"}],"about":[{"href":"https:\/\/parsus.com.br\/index.php\/wp-json\/wp\/v2\/types\/page"}],"author":[{"embeddable":true,"href":"https:\/\/parsus.com.br\/index.php\/wp-json\/wp\/v2\/users\/7"}],"replies":[{"embeddable":true,"href":"https:\/\/parsus.com.br\/index.php\/wp-json\/wp\/v2\/comments?post=7000"}],"version-history":[{"count":16,"href":"https:\/\/parsus.com.br\/index.php\/wp-json\/wp\/v2\/pages\/7000\/revisions"}],"predecessor-version":[{"id":7156,"href":"https:\/\/parsus.com.br\/index.php\/wp-json\/wp\/v2\/pages\/7000\/revisions\/7156"}],"up":[{"embeddable":true,"href":"https:\/\/parsus.com.br\/index.php\/wp-json\/wp\/v2\/pages\/2958"}],"wp:attachment":[{"href":"https:\/\/parsus.com.br\/index.php\/wp-json\/wp\/v2\/media?parent=7000"}],"curies":[{"name":"wp","href":"https:\/\/api.w.org\/{rel}","templated":true}]}}